{"id":797,"date":"2022-02-07T19:07:43","date_gmt":"2022-02-07T22:07:43","guid":{"rendered":"https:\/\/ptvv.praxis.pro.br\/?page_id=797"},"modified":"2022-02-08T16:15:22","modified_gmt":"2022-02-08T19:15:22","slug":"pauta-da-reuniao-14-nucleo-1-pt-vv","status":"publish","type":"page","link":"https:\/\/pt.praxis.pro.br\/index.php\/pauta-da-reuniao-14-nucleo-1-pt-vv\/","title":{"rendered":"Pauta da Reuni\u00e3o 14 \u2013 N\u00facleo 1 PT-VV"},"content":{"rendered":"<p><b>REUNI\u00c3O N\u00daMERO: <\/b><b>14<\/b><\/p>\n<p><b>Data prevista:<\/b> 15\/fevereiro\/2022 (quarta-feira) \u2013 <b>Hor\u00e1rio<\/b>: 19h<\/p>\n<p><b>Local: <\/b><a href=\"http:\/\/meet.jit.si\/NucleoPT-Regiao1-VilaVelha\">http:\/\/meet.jit.si\/NucleoPT-Regiao1-VilaVelha<\/a><\/p>\n<p><b>Participa\u00e7\u00e3o: <\/b>componentes do grupo \u201cN\u00facleo do PT da Regi\u00e3o 1 (V. Velha)\u201d<\/p>\n<p>&nbsp;<\/p>\n<p><b>Roteiro dos Trabalhos<\/b><\/p>\n<table>\n<tbody>\n<tr>\n<td><b>Respon-<\/b><\/p>\n<p><b>s\u00e1vel<\/b><\/td>\n<td><b>Atividade<\/b><\/td>\n<td><b>Obs<\/b><\/td>\n<\/tr>\n<tr>\n<td>Dari<\/td>\n<td><b>** Informar a todos que a reuni\u00e3o ser\u00e1 gravada<\/b><\/td>\n<td><\/td>\n<\/tr>\n<tr>\n<td><\/td>\n<td><\/td>\n<td><\/td>\n<\/tr>\n<tr>\n<td>Dari<\/td>\n<td><b>Se houver novos participantes:<\/b><\/p>\n<ul>\n<li>Solicitar a r\u00e1pida apresenta\u00e7\u00e3o deles e expectativa quanto ao n\u00facleo<\/li>\n<li aria-level=\"1\">Falar resumidamente: O que \u00e9 o PT, o n\u00facleo e a import\u00e2ncia das capacita\u00e7\u00f5es (Funda\u00e7\u00e3o Perseu Abramo, etc.), leitura do estatuto.<\/li>\n<li aria-level=\"1\">Mostrar o endere\u00e7o do site: <a href=\"https:\/\/ptvv.praxis.pro.br\">https:\/\/ptvv.praxis.pro.br<\/a><\/li>\n<\/ul>\n<\/td>\n<td>2&#8242; por pessoa;<\/td>\n<\/tr>\n<tr>\n<td>Walqu\u00edria<\/p>\n<p>&nbsp;<\/p>\n<p>&nbsp;<\/p>\n<p>&nbsp;<\/p>\n<p>&nbsp;<\/p>\n<p>&nbsp;<\/td>\n<td><b>Momento Paulo Freire:<\/b><\/p>\n<ul>\n<li><strong>Federa\u00e7\u00e3o partid\u00e1ria<\/strong>. O que \u00e9? O que me importa? Quanto interfere?<\/li>\n<li><strong>Obs<\/strong>: Perguntar a sugest\u00e3o de tema para a pr\u00f3xima reuni\u00e3o.<\/li>\n<\/ul>\n<p>&nbsp;<\/p>\n<p><b>Informes\/encaminhamentos:<\/b><\/p>\n<ul>\n<li>Andamento do projeto <strong>Teatro<\/strong>:\n<ul>\n<li>Proposta do Andr\u00e9;<\/li>\n<li>Propostas da Lurdes;<\/li>\n<\/ul>\n<\/li>\n<li>Resultado da <strong>reuni\u00e3o com a executiva do PT<\/strong>;<\/li>\n<li>Volunt\u00e1rio para analisar documento estat\u00edstico sobre o cen\u00e1rio do ES (contribui\u00e7\u00e3o do Evaristo).<\/li>\n<li>Andamento do programa &#8220;<strong><a href=\"https:\/\/ptvv.praxis.pro.br\/index.php\/programa-apanhado-geral\/\">Apanhado geral<\/a>&#8220;<\/strong>.<\/li>\n<\/ul>\n<\/td>\n<td>&nbsp;<\/p>\n<p>&nbsp;<\/p>\n<p>20 a 30 minutos<\/p>\n<p>&nbsp;<\/p>\n<p>&nbsp;<\/p>\n<p>&nbsp;<\/p>\n<p>30 min<\/td>\n<\/tr>\n<tr>\n<td>Dari<\/td>\n<td><strong>V\u00eddeo<\/strong> <strong>final<\/strong>:<\/td>\n<td><\/td>\n<\/tr>\n<\/tbody>\n<\/table>\n<p>PARTICIPARAM DA REUNI\u00c3O:<\/p>\n","protected":false},"excerpt":{"rendered":"<p> <a class=\"more-link\" href=\"https:\/\/pt.praxis.pro.br\/index.php\/pauta-da-reuniao-14-nucleo-1-pt-vv\/\">Leia mais&#8230; &raquo;<\/a><\/p>\n","protected":false},"author":1,"featured_media":0,"parent":0,"menu_order":0,"comment_status":"closed","ping_status":"closed","template":"","meta":{"footnotes":""},"class_list":["post-797","page","type-page","status-publish","hentry"],"_links":{"self":[{"href":"https:\/\/pt.praxis.pro.br\/index.php\/wp-json\/wp\/v2\/pages\/797","targetHints":{"allow":["GET"]}}],"collection":[{"href":"https:\/\/pt.praxis.pro.br\/index.php\/wp-json\/wp\/v2\/pages"}],"about":[{"href":"https:\/\/pt.praxis.pro.br\/index.php\/wp-json\/wp\/v2\/types\/page"}],"author":[{"embeddable":true,"href":"https:\/\/pt.praxis.pro.br\/index.php\/wp-json\/wp\/v2\/users\/1"}],"replies":[{"embeddable":true,"href":"https:\/\/pt.praxis.pro.br\/index.php\/wp-json\/wp\/v2\/comments?post=797"}],"version-history":[{"count":11,"href":"https:\/\/pt.praxis.pro.br\/index.php\/wp-json\/wp\/v2\/pages\/797\/revisions"}],"predecessor-version":[{"id":827,"href":"https:\/\/pt.praxis.pro.br\/index.php\/wp-json\/wp\/v2\/pages\/797\/revisions\/827"}],"wp:attachment":[{"href":"https:\/\/pt.praxis.pro.br\/index.php\/wp-json\/wp\/v2\/media?parent=797"}],"curies":[{"name":"wp","href":"https:\/\/api.w.org\/{rel}","templated":true}]}}