{"id":74,"date":"2021-10-03T12:36:49","date_gmt":"2021-10-03T15:36:49","guid":{"rendered":"https:\/\/nucleo1ptvv.praxis.pro.br\/?page_id=74"},"modified":"2021-12-27T11:36:32","modified_gmt":"2021-12-27T14:36:32","slug":"autenticacao","status":"publish","type":"page","link":"https:\/\/pt.praxis.pro.br\/index.php\/autenticacao\/","title":{"rendered":"Autentica\u00e7\u00e3o"},"content":{"rendered":"<p>Clique na figura abaixo para autenticar no site e editar p\u00e1ginas, posts e demais configura\u00e7\u00f5es do site.<\/p>\n<p><a href=\"https:\/\/ptvv.praxis.pro.br\/wp-admin\/\"><img loading=\"lazy\" decoding=\"async\" class=\"alignnone wp-image-75\" src=\"https:\/\/nucleo1ptvv.praxis.pro.br\/wp-content\/uploads\/2021\/10\/autenticacao.jpg\" alt=\"\" width=\"154\" height=\"154\" srcset=\"https:\/\/pt.praxis.pro.br\/wp-content\/uploads\/2021\/10\/autenticacao.jpg 225w, https:\/\/pt.praxis.pro.br\/wp-content\/uploads\/2021\/10\/autenticacao-150x150.jpg 150w, https:\/\/pt.praxis.pro.br\/wp-content\/uploads\/2021\/10\/autenticacao-200x200.jpg 200w, https:\/\/pt.praxis.pro.br\/wp-content\/uploads\/2021\/10\/autenticacao-100x100.jpg 100w, https:\/\/pt.praxis.pro.br\/wp-content\/uploads\/2021\/10\/autenticacao-40x40.jpg 40w\" sizes=\"auto, (max-width: 154px) 100vw, 154px\" \/><\/a><\/p>\n","protected":false},"excerpt":{"rendered":"<p> <a class=\"more-link\" href=\"https:\/\/pt.praxis.pro.br\/index.php\/autenticacao\/\">Leia mais&#8230; &raquo;<\/a><\/p>\n","protected":false},"author":1,"featured_media":0,"parent":0,"menu_order":0,"comment_status":"closed","ping_status":"closed","template":"","meta":{"footnotes":""},"class_list":["post-74","page","type-page","status-publish","hentry"],"_links":{"self":[{"href":"https:\/\/pt.praxis.pro.br\/index.php\/wp-json\/wp\/v2\/pages\/74","targetHints":{"allow":["GET"]}}],"collection":[{"href":"https:\/\/pt.praxis.pro.br\/index.php\/wp-json\/wp\/v2\/pages"}],"about":[{"href":"https:\/\/pt.praxis.pro.br\/index.php\/wp-json\/wp\/v2\/types\/page"}],"author":[{"embeddable":true,"href":"https:\/\/pt.praxis.pro.br\/index.php\/wp-json\/wp\/v2\/users\/1"}],"replies":[{"embeddable":true,"href":"https:\/\/pt.praxis.pro.br\/index.php\/wp-json\/wp\/v2\/comments?post=74"}],"version-history":[{"count":2,"href":"https:\/\/pt.praxis.pro.br\/index.php\/wp-json\/wp\/v2\/pages\/74\/revisions"}],"predecessor-version":[{"id":318,"href":"https:\/\/pt.praxis.pro.br\/index.php\/wp-json\/wp\/v2\/pages\/74\/revisions\/318"}],"wp:attachment":[{"href":"https:\/\/pt.praxis.pro.br\/index.php\/wp-json\/wp\/v2\/media?parent=74"}],"curies":[{"name":"wp","href":"https:\/\/api.w.org\/{rel}","templated":true}]}}