{"id":670,"date":"2022-01-23T19:56:40","date_gmt":"2022-01-23T22:56:40","guid":{"rendered":"https:\/\/ptvv.praxis.pro.br\/?page_id=670"},"modified":"2022-02-01T20:17:45","modified_gmt":"2022-02-01T23:17:45","slug":"pauta-da-reuniao-13-nucleo-1-pt-vv","status":"publish","type":"page","link":"https:\/\/pt.praxis.pro.br\/index.php\/pauta-da-reuniao-13-nucleo-1-pt-vv\/","title":{"rendered":"Pauta da Reuni\u00e3o 13 \u2013 N\u00facleo 1 PT-VV"},"content":{"rendered":"<p><b>REUNI\u00c3O N\u00daMERO: <\/b><b>13<\/b><\/p>\n<p><b>Data prevista:<\/b> 01\/fevereiro\/2022 (quarta-feira) \u2013 <b>Hor\u00e1rio<\/b>: 19h<\/p>\n<p><b>Local: <\/b><a href=\"http:\/\/meet.jit.si\/NucleoPT-Regiao1-VilaVelha\">http:\/\/meet.jit.si\/NucleoPT-Regiao1-VilaVelha<\/a><\/p>\n<p><b>Participa\u00e7\u00e3o: <\/b>componentes do grupo \u201cN\u00facleo do PT da Regi\u00e3o 1 (V. Velha)\u201d<\/p>\n<p>&nbsp;<\/p>\n<p><b>Roteiro dos Trabalhos<\/b><\/p>\n<table>\n<tbody>\n<tr>\n<td><b>Respon-<\/b><\/p>\n<p><b>s\u00e1vel<\/b><\/td>\n<td><b>Atividade<\/b><\/td>\n<td><b>Obs<\/b><\/td>\n<\/tr>\n<tr>\n<td>Dari<\/td>\n<td><b>** Informar a todos que a reuni\u00e3o ser\u00e1 gravada<\/b><\/td>\n<td><\/td>\n<\/tr>\n<tr>\n<td><\/td>\n<td>V\u00eddeo inicial:<\/td>\n<td><\/td>\n<\/tr>\n<tr>\n<td>Dari<\/td>\n<td><b>Se houver novos participantes:<\/b><\/p>\n<ul>\n<li>solicitar a r\u00e1pida apresenta\u00e7\u00e3o deles e expectativa quanto ao n\u00facleo<\/li>\n<li aria-level=\"1\">Falar resumidamente: O que \u00e9 o PT, o n\u00facleo e a import\u00e2ncia das capacita\u00e7\u00f5es (Funda\u00e7\u00e3o Perseu Abramo, etc.), leitura do estatuto.<\/li>\n<li aria-level=\"1\">Mostrar o endere\u00e7o do site: <a href=\"https:\/\/ptvv.praxis.pro.br\">https:\/\/ptvv.praxis.pro.br<\/a><\/li>\n<\/ul>\n<\/td>\n<td>2&#8242; por pessoa;<\/td>\n<\/tr>\n<tr>\n<td><\/td>\n<td><b>Informes:<\/b><\/p>\n<ul>\n<li>Andamento da interven\u00e7\u00e3o teatral;<\/li>\n<li>Resultado da reuni\u00e3o com a executiva do PT;<\/li>\n<li>Juventude: Walqu\u00edria vai conversar com a\u00a0 Nathalia Cravo para agendar uma reuni\u00e3o para tratar o tema &#8220;juventude petista&#8221;<\/li>\n<\/ul>\n<p><strong>Atividade: <\/strong>Oficina do programa &#8220;<strong><a href=\"https:\/\/ptvv.praxis.pro.br\/index.php\/programa-apanhado-geral\/\">Apanhado geral<\/a>&#8220;<\/strong>.<\/td>\n<td><\/td>\n<\/tr>\n<tr>\n<td><\/td>\n<td>PARTICIPARAM DA REUNI\u00c3O: Silvana Zucoloto, Dari, Jonathas, Walqu\u00edria, Wanderley, Wilson, Andr\u00e9, Cleber, Naira, Williams<\/td>\n<td><\/td>\n<\/tr>\n<\/tbody>\n<\/table>\n<p>&nbsp;<\/p>\n","protected":false},"excerpt":{"rendered":"<p> <a class=\"more-link\" href=\"https:\/\/pt.praxis.pro.br\/index.php\/pauta-da-reuniao-13-nucleo-1-pt-vv\/\">Leia mais&#8230; &raquo;<\/a><\/p>\n","protected":false},"author":1,"featured_media":0,"parent":0,"menu_order":0,"comment_status":"closed","ping_status":"closed","template":"","meta":{"footnotes":""},"class_list":["post-670","page","type-page","status-publish","hentry"],"_links":{"self":[{"href":"https:\/\/pt.praxis.pro.br\/index.php\/wp-json\/wp\/v2\/pages\/670","targetHints":{"allow":["GET"]}}],"collection":[{"href":"https:\/\/pt.praxis.pro.br\/index.php\/wp-json\/wp\/v2\/pages"}],"about":[{"href":"https:\/\/pt.praxis.pro.br\/index.php\/wp-json\/wp\/v2\/types\/page"}],"author":[{"embeddable":true,"href":"https:\/\/pt.praxis.pro.br\/index.php\/wp-json\/wp\/v2\/users\/1"}],"replies":[{"embeddable":true,"href":"https:\/\/pt.praxis.pro.br\/index.php\/wp-json\/wp\/v2\/comments?post=670"}],"version-history":[{"count":5,"href":"https:\/\/pt.praxis.pro.br\/index.php\/wp-json\/wp\/v2\/pages\/670\/revisions"}],"predecessor-version":[{"id":712,"href":"https:\/\/pt.praxis.pro.br\/index.php\/wp-json\/wp\/v2\/pages\/670\/revisions\/712"}],"wp:attachment":[{"href":"https:\/\/pt.praxis.pro.br\/index.php\/wp-json\/wp\/v2\/media?parent=670"}],"curies":[{"name":"wp","href":"https:\/\/api.w.org\/{rel}","templated":true}]}}