{"id":658,"date":"2022-01-23T14:46:34","date_gmt":"2022-01-23T17:46:34","guid":{"rendered":"https:\/\/ptvv.praxis.pro.br\/?page_id=658"},"modified":"2022-02-01T21:22:14","modified_gmt":"2022-02-02T00:22:14","slug":"programa-apanhado-geral","status":"publish","type":"page","link":"https:\/\/pt.praxis.pro.br\/index.php\/programa-apanhado-geral\/","title":{"rendered":"Programa &#8220;Apanhado Geral&#8221;"},"content":{"rendered":"<p><strong>Objetivo:<\/strong> coment\u00e1rio geral acerca das principais not\u00edcias locais, nacionais e internacionais sob uma perspectiva classista.<\/p>\n<p><strong>Periodicidade:<\/strong> indeterminada, tendendo a tornar-se semanal;<\/p>\n<p><strong>Coordena\u00e7\u00e3o:<\/strong> Williams Monjardim (auxiliar: Wanderley) &#8211; <strong>quarta-feira (feedback)<\/strong><\/p>\n<p>&#8211; <strong>OFICINA PARA ELABORA\u00c7\u00c3O DO PROGRAMA<\/strong>:<\/p>\n<ul>\n<li style=\"list-style-type: none;\">\n<ul>\n<li><strong>Logotipo do programa<\/strong> (respons\u00e1vel):<\/li>\n<li><strong>Texto da vinheta<\/strong> (respons\u00e1vel):<\/li>\n<li>Elabora\u00e7\u00e3o da vinheta (respons\u00e1vel):<\/li>\n<li><strong>Roteiro do primeiro programa<\/strong>:\n<ul>\n<li><strong>Tema<\/strong> (respons\u00e1vel):\n<ul>\n<li><strong>T\u00f3picos a serem abordados<\/strong> (respons\u00e1vel):<\/li>\n<li><strong>Pesquisa de campo<\/strong> (respons\u00e1vel):<\/li>\n<\/ul>\n<\/li>\n<li><strong>Quantas pessoas participar\u00e3o do programa?<\/strong> (respons\u00e1vel):\n<ul>\n<li>Um pergunta outro responde?<\/li>\n<li>Os dois debatem o assunto?<\/li>\n<\/ul>\n<\/li>\n<li><strong>Fotografia<\/strong> (respons\u00e1vel):<\/li>\n<li><strong>Grava\u00e7\u00e3o do v\u00eddeo<\/strong> (respons\u00e1vel):<\/li>\n<li><strong>Cen\u00e1rio<\/strong> (respons\u00e1vel):<\/li>\n<li><strong>Data\/hora:<\/strong><\/li>\n<\/ul>\n<\/li>\n<li><strong>Edi\u00e7\u00e3o<\/strong> (respons\u00e1vel):<\/li>\n<li><strong><em>Post<\/em> do evento gravado<\/strong> (respons\u00e1vel):<\/li>\n<\/ul>\n<\/li>\n<\/ul>\n<p>&nbsp;<\/p>\n<p>&nbsp;<\/p>\n","protected":false},"excerpt":{"rendered":"<p> <a class=\"more-link\" href=\"https:\/\/pt.praxis.pro.br\/index.php\/programa-apanhado-geral\/\">Leia mais&#8230; &raquo;<\/a><\/p>\n","protected":false},"author":1,"featured_media":0,"parent":0,"menu_order":0,"comment_status":"closed","ping_status":"closed","template":"","meta":{"footnotes":""},"class_list":["post-658","page","type-page","status-publish","hentry"],"_links":{"self":[{"href":"https:\/\/pt.praxis.pro.br\/index.php\/wp-json\/wp\/v2\/pages\/658","targetHints":{"allow":["GET"]}}],"collection":[{"href":"https:\/\/pt.praxis.pro.br\/index.php\/wp-json\/wp\/v2\/pages"}],"about":[{"href":"https:\/\/pt.praxis.pro.br\/index.php\/wp-json\/wp\/v2\/types\/page"}],"author":[{"embeddable":true,"href":"https:\/\/pt.praxis.pro.br\/index.php\/wp-json\/wp\/v2\/users\/1"}],"replies":[{"embeddable":true,"href":"https:\/\/pt.praxis.pro.br\/index.php\/wp-json\/wp\/v2\/comments?post=658"}],"version-history":[{"count":5,"href":"https:\/\/pt.praxis.pro.br\/index.php\/wp-json\/wp\/v2\/pages\/658\/revisions"}],"predecessor-version":[{"id":713,"href":"https:\/\/pt.praxis.pro.br\/index.php\/wp-json\/wp\/v2\/pages\/658\/revisions\/713"}],"wp:attachment":[{"href":"https:\/\/pt.praxis.pro.br\/index.php\/wp-json\/wp\/v2\/media?parent=658"}],"curies":[{"name":"wp","href":"https:\/\/api.w.org\/{rel}","templated":true}]}}