{"id":466,"date":"2022-01-03T19:06:15","date_gmt":"2022-01-03T22:06:15","guid":{"rendered":"https:\/\/ptvv.praxis.pro.br\/?page_id=466"},"modified":"2024-01-07T13:00:51","modified_gmt":"2024-01-07T16:00:51","slug":"diretorio-municipal-do-pt-vila-velha","status":"publish","type":"page","link":"https:\/\/pt.praxis.pro.br\/index.php\/diretorio-municipal-do-pt-vila-velha\/","title":{"rendered":"Diret\u00f3rio Municipal do PT (Vila Velha)"},"content":{"rendered":"<p><span style=\"font-size: 14pt;\"><strong>Endere\u00e7o:<\/strong> Rodovia Carlos Lindemberg, 6030, Ed. Ponto Alto, sala 106, Cobil\u00e2ndia, Vila Velha\/ES &#8211; CEP 29123-600<\/span><\/p>\n<p><iframe loading=\"lazy\" style=\"border: 0;\" src=\"https:\/\/www.google.com\/maps\/embed?pb=!1m18!1m12!1m3!1d233.80174553591058!2d-40.350502046067284!3d-20.348725978118807!2m3!1f0!2f0!3f0!3m2!1i1024!2i768!4f13.1!3m3!1m2!1s0xb83e8088b8d9b9%3A0xc8ef2fddae09b70!2sAv.%20Carlos%20Lindenberg%2C%206030%20-%20Cobil%C3%A2ndia%2C%20Vila%20Velha%20-%20ES%2C%2029111-165!5e0!3m2!1spt-BR!2sbr!4v1641302022262!5m2!1spt-BR!2sbr\" width=\"600\" height=\"450\" allowfullscreen=\"allowfullscreen\"><\/iframe><\/p>\n<p>&nbsp;<\/p>\n<hr \/>\n<div class=\"page\" data-page-number=\"21\" data-loaded=\"true\">\n<div class=\"textLayer\" style=\"text-align: center;\"><strong>DA ORGANIZA\u00c7\u00c3O DO PARTIDO EM N\u00cdVEL MUNICIPAL <\/strong><\/div>\n<div class=\"textLayer\" style=\"text-align: center;\">(texto retirado do <a href=\"https:\/\/pt.org.br\/wp-content\/uploads\/2018\/03\/estatuto-pt-2012-versao-final-alterada-junho-2017.pdf\">Estatuto do PT<\/a>)<\/div>\n<div><\/div>\n<div class=\"textLayer\">Art. 74. No munic\u00edpio, o Partido comp\u00f5e-se das seguintes inst\u00e2ncias e \u00f3rg\u00e3os:<\/div>\n<div><\/div>\n<div class=\"textLayer\"><strong>A) Inst\u00e2ncias:<\/strong><\/div>\n<div class=\"textLayer\">I \u2013Encontro Municipal;<\/div>\n<div class=\"textLayer\">II \u2013Diret\u00f3rio Municipal;<\/div>\n<div class=\"textLayer\">III \u2013Comiss\u00e3o Executiva Municipal;<\/div>\n<div class=\"textLayer\">IV \u2013Encontro Zonal, onde houver;<\/div>\n<div class=\"textLayer\">V \u2013Diret\u00f3rio Zonal, onde houver;<\/div>\n<div class=\"textLayer\">VI \u2013Comiss\u00e3o Executiva Zonal, onde houver;<\/div>\n<div class=\"textLayer\">VII \u2013N\u00facleos de Base;<\/div>\n<div class=\"textLayer\">VIII \u2013Setoriais;<\/div>\n<div class=\"textLayer\">IX \u2013Juventude do PT.<\/div>\n<div><\/div>\n<div class=\"textLayer\"><strong>B) \u00d3rg\u00e3os:<\/strong><\/div>\n<div class=\"textLayer\">I \u2013Bancada de Vereadores;<\/div>\n<div class=\"textLayer\">II \u2013Conselho Fiscal;<\/div>\n<div class=\"textLayer\">III \u2013Comiss\u00e3o de \u00c9tica.<\/div>\n<div><\/div>\n<div class=\"textLayer\"><strong>Se\u00e7\u00e3o I \u2013Do Encontro Municipal<\/strong><\/div>\n<div><\/div>\n<div class=\"textLayer\">Art. 75. O Encontro Municipal comp\u00f5e-se de todos os delegados e delegadas eleitos pelo voto direto dos filiados e das filiadas aptos a votar no munic\u00edpio.<\/div>\n<div><\/div>\n<div class=\"textLayer\">Art. 76. Caber\u00e1 ao Encontro Municipal:<\/div>\n<div><\/div>\n<div class=\"textLayer\">a) analisar a conjuntura local e aprovaras linhas de a\u00e7\u00e3o do Partido em \u00e2mbito local;<\/div>\n<div class=\"textLayer\">b) definir a plataforma, a pol\u00edtica de alian\u00e7as e a t\u00e1tica eleitoral do partido antes da realiza\u00e7\u00e3o das pr\u00e9vias;<\/div>\n<div class=\"textLayer\">c) escolher os candidatos ou candidatas a cargos eletivos na esfera municipal ou, no caso da realiza\u00e7\u00e3o de pr\u00e9vias, referendar os candidatos ou candidatas;<\/div>\n<div class=\"textLayer\">d) examinar e decidir sobre o relat\u00f3rio da gest\u00e3o do Diret\u00f3rio Municipal;<\/div>\n<div class=\"textLayer\">e) decidir em grau de recurso sobre as delibera\u00e7\u00f5es tomadas pelo Diret\u00f3rio Municipal;<\/div>\n<div class=\"textLayer\">f) convocar novo Processo de Elei\u00e7\u00e3o Direta (PED) a ser realizado no prazo m\u00e1ximo de 90 dias ap\u00f3s a data do Encontro para eleger a dire\u00e7\u00e3o municipal correspondente, quando a proposta tiver sido aprovada por 2\/3 (dois ter\u00e7os) dos delegados ou delegadas eleitos;<\/div>\n<div class=\"textLayer\">g) convocar, no caso do \u00a7 1\u00ba do artigo 50, novo Processo de Elei\u00e7\u00e3o Direta (PED) a ser realizado no prazo m\u00e1ximo de 90 (noventa) dias ap\u00f3s a data do Encontro para eleger a dire\u00e7\u00e3o municipal correspondente, quando a proposta tiver sido aprovada por 2\/3 (dois ter\u00e7os) dos filiados ou filiadas aptos no munic\u00edpio;<\/div>\n<div class=\"textLayer\">h) destituir a Comiss\u00e3o Executiva Municipal, nos casos previstos neste Estatuto;<\/div>\n<div class=\"textLayer\">i) aprovar as diretrizes pol\u00edticas para prefeitos ou prefeitas e vereadores ou vereadoras, com estrita observ\u00e2ncia daquelas emanadas das inst\u00e2ncias superiores, do Programa e deste Estatuto;j) deliberar sobre acordos pol\u00edticos e coliga\u00e7\u00f5es eleitorais com estrita observ\u00e2ncia das orienta\u00e7\u00f5es emanadas das inst\u00e2ncias nacionais;k) deliberar sobre recursos dos filiados e das filiadas nos casos previstos neste Estatuto;l) eleger os delegados e as delegadas ao Encontro Estadual.<\/div>\n<\/div>\n<div class=\"page\" data-page-number=\"22\" data-loaded=\"true\">\n<div><\/div>\n<div class=\"textLayer\">Art. 77. O Encontro Municipal ocorrer\u00e1 nos prazos e para os fins previstos neste Estatuto, por convoca\u00e7\u00e3o da maioria dos membros da Comiss\u00e3o Executiva Municipal, ou do Diret\u00f3rio Municipal, ou ainda por 1\/3 (um ter\u00e7o) dos filiados e filiadas no munic\u00edpio.<\/div>\n<div><\/div>\n<div class=\"textLayer\"><strong>Se\u00e7\u00e3o II \u2013Do Diret\u00f3rio Municipal<\/strong><\/div>\n<div><\/div>\n<div class=\"textLayer\">Art. 78.Os Diret\u00f3rios Municipais ter\u00e3o, no m\u00e1ximo, 43 (quarenta e tr\u00eas) membros efetivos, mais o presidente eleito, ou presidenta, e o vereador, ou vereadora, l\u00edder da bancada do Partido na C\u00e2mara Municipal.<\/div>\n<div><\/div>\n<div class=\"textLayer\">\u00a71\u00ba:Em caso de vac\u00e2ncia ou impedimento, ser\u00e1 convocado o suplente do Diret\u00f3rio na ordem de coloca\u00e7\u00e3o na respectiva chapa.<\/div>\n<div class=\"textLayer\">\u00a72\u00ba:A posse dos membros dos Diret\u00f3rios Municipais eleitos ocorrer\u00e1 no dia do Encontro correspondente, que ser\u00e1 realizado ap\u00f3s o Processo de Elei\u00e7\u00f5es Diretas (PED).<\/div>\n<div><\/div>\n<div class=\"textLayer\"><strong>Art. 79. S\u00e3o as seguintes as atribui\u00e7\u00f5es do Diret\u00f3rio Municipal:<\/strong><\/div>\n<div><\/div>\n<div class=\"textLayer\">a) escolher a Comiss\u00e3o Executiva Municipal;<\/div>\n<div class=\"textLayer\">b) estabelecer a posi\u00e7\u00e3o do Partido em rela\u00e7\u00e3o \u00e0s quest\u00f5es pol\u00edticas de \u00e2mbito municipal e o plano de a\u00e7\u00e3o em estrita observ\u00e2ncia das orienta\u00e7\u00f5es emanadas das inst\u00e2ncias superiores;<\/div>\n<div class=\"textLayer\"><strong>c) encaminhar a elabora\u00e7\u00e3o e a aprova\u00e7\u00e3o do or\u00e7amento anual;<\/strong><\/div>\n<div class=\"textLayer\"><strong>d) manter em dia a contabilidade e garantir a elabora\u00e7\u00e3o, a aprova\u00e7\u00e3o e a entrega do balan\u00e7o anual e da presta\u00e7\u00e3o de contas \u00e0 Justi\u00e7a Eleitoral com c\u00f3pia para a inst\u00e2ncia estadual;<\/strong><\/div>\n<div class=\"textLayer\"><strong>e) manter em dia os livros de contabilidade (di\u00e1rio e caixa);<\/strong><\/div>\n<div class=\"textLayer\">f) aplicar aos filiados ou filiadas \u00e0 se\u00e7\u00e3o municipal as san\u00e7\u00f5es disciplinares previstas neste Estatuto;<\/div>\n<div class=\"textLayer\">g) convocar o Encontro Municipal nos termos deste Estatuto;<\/div>\n<div class=\"textLayer\">h) destituir a Comiss\u00e3o de \u00c9tica Municipal nos casos em que esta esteja atuando com parcialidade ou em desacordo com os princ\u00edpios partid\u00e1rios;<\/div>\n<div class=\"textLayer\">i) aprovar a constitui\u00e7\u00e3o de N\u00facleos organizados em \u00e2mbito municipal;<\/div>\n<div class=\"textLayer\">j) convocar plebiscitos, referendos, pr\u00e9vias eleitorais e consultas aos filiados e filiadas no \u00e2mbito municipal;<\/div>\n<div class=\"textLayer\">k) convocar o prefeito ou prefeita, os secret\u00e1rios ou secret\u00e1rias municipais filiados ao Partido, bem como a bancada de vereadores e vereadoras, para obter esclarecimentos sobre suas condutas nos respectivos Poderes;<\/div>\n<div class=\"textLayer\">l) estabelecer diretrizes para a atua\u00e7\u00e3o dos vereadores e das vereadoras do Partido na C\u00e2mara Municipal;<\/div>\n<div class=\"textLayer\">m) cumprir e fazer cumprir as delibera\u00e7\u00f5es do Encontro Municipal, as delibera\u00e7\u00f5es dos respectivos Encontros Estaduais, Encontro Nacional ou Congresso, supervisionando a vida do Partido em \u00e2mbito municipal;<\/div>\n<div class=\"textLayer\">n) julgar os recursos contra atos e decis\u00f5es da Comiss\u00e3o Executiva Municipal;<\/div>\n<div class=\"textLayer\">o) aprovar resolu\u00e7\u00f5es sobre mat\u00e9ria de sua compet\u00eancia;<\/div>\n<div class=\"textLayer\">p) credenciar delegados, ou delegadas, perante a Justi\u00e7a Eleitoral;<\/div>\n<div class=\"textLayer\">q) ajuizar representa\u00e7\u00e3o perante a Justi\u00e7a Eleitoral para decreta\u00e7\u00e3o de perda de mandato de vereador, ou vereadora, observadas as disposi\u00e7\u00f5es previstas neste Estatuto;<\/div>\n<div class=\"textLayer\">r) informar e atualizar os filiados e as filiadas sobre pol\u00edticas, propostas, publica\u00e7\u00f5es, materiais e demais iniciativas do Partido;<\/div>\n<div class=\"textLayer\">s) viabilizar periodicamente atividades abertas \u00e0 popula\u00e7\u00e3o;<\/div>\n<div class=\"textLayer\">t) determinar o encaminhamento \u00e0 Secretaria Nacional de Finan\u00e7as e Planejamento de todas as contribui\u00e7\u00f5es dos filiados e das filiadas, inclusive dos ocupantes de cargos eletivos e de confian\u00e7a, bem como de dirigentes partid\u00e1rios do munic\u00edpio, para que a cobran\u00e7a e distribui\u00e7\u00e3o dos valores sejam efetuadas pelo Sistema de Arrecada\u00e7\u00e3o de Contribui\u00e7\u00f5es Estatut\u00e1rias (SACE), nos termos das disposi\u00e7\u00f5es previstas neste Estatuto.<\/div>\n<div class=\"textLayer\">u) organizar amplas campanhas de arrecada\u00e7\u00e3o financeira;<\/div>\n<div class=\"textLayer\">v) efetuar todos os procedimentos relativos ao cadastro de filiados e de filiadas, estabelecidos neste Estatuto;<\/div>\n<div class=\"textLayer\">x) realizar ao menos 4 (quatro) atividades por ano, uma em cada trimestre, para a apresenta\u00e7\u00e3o do Partido aos novos filiados e filiadas, nos termos previstos no artigo 8\u00ba;<\/div>\n<div class=\"textLayer\">w) realizar as atividades a que se refere o artigo 26, \u00a7 3\u00ba, letra \u201ca\u201d, para que o filiado ou filiada possa ser considerado apto a votar no PED;<\/div>\n<div><\/div>\n<div class=\"textLayer\"><strong>Art. 80. O Diret\u00f3rio Municipal reunir-se-\u00e1 ordin\u00e1ria e mensalmente,<\/strong> sem necessidade de convoca\u00e7\u00e3o, em dia, hora e local previamente estabelecidos.<\/div>\n<div><\/div>\n<div class=\"textLayer\"><strong>Art. 81.<\/strong> Extraordinariamente, o Diret\u00f3rio Municipal reunir-se-\u00e1 sempre que necess\u00e1rio, por convoca\u00e7\u00e3o da Comiss\u00e3o Executiva Municipal ou por 1\/3 (um ter\u00e7o) de seus membros, ou, ainda, por 1\/3 (um ter\u00e7o) dos N\u00facleos ou Diret\u00f3rios Zonais existentes em \u00e2mbito municipal.<\/div>\n<div><\/div>\n<div class=\"textLayer\"><strong>Se\u00e7\u00e3o III \u2013Da Comiss\u00e3o Executiva Municipal<\/strong><\/div>\n<div><\/div>\n<div class=\"textLayer\"><strong>Art. 82.<\/strong> A Comiss\u00e3o Executiva Municipal ter\u00e1, no m\u00ednimo, sete membros, sendo um o presidente eleito, ou presidenta, uma vice-presid\u00eancia, e as Secretarias de Organiza\u00e7\u00e3o, de Finan\u00e7as e Planejamento, de Forma\u00e7\u00e3o Pol\u00edtica, de Comunica\u00e7\u00e3o, de Movimentos Populares, e o vereador, ou vereadora, l\u00edder da Bancada Municipal, at\u00e9 o limite m\u00e1ximo de um 1\/3 (um ter\u00e7o) dos membros do respectivo Diret\u00f3rio.<\/div>\n<div><\/div>\n<div class=\"textLayer\"><strong>Art. 83.A Comiss\u00e3o Executiva Municipal ter\u00e1 as seguintes atribui\u00e7\u00f5es:<\/strong><\/div>\n<div class=\"textLayer\">a) propor ao Diret\u00f3rio Municipal a cria\u00e7\u00e3o de N\u00facleos;<\/div>\n<div class=\"textLayer\">b) executar as delibera\u00e7\u00f5es do Encontro Municipal, do Diret\u00f3rio Municipal e das demais inst\u00e2ncias superiores;<\/div>\n<div class=\"textLayer\">c) convocar, em car\u00e1ter extraordin\u00e1rio, o Diret\u00f3rio Municipal;<\/div>\n<div class=\"textLayer\">d) convocar o Encontro Municipal, ou formalizar sua convoca\u00e7\u00e3o, nos termos deste Estatuto, no prazo m\u00e1ximo de 15(quinze) dias, a contar do recebimento do pedido;<\/div>\n<div class=\"textLayer\">e) convocar a bancada de vereadores e vereadoras para adotar orienta\u00e7\u00f5es ou obter esclarecimentos sobre a atua\u00e7\u00e3o na C\u00e2mara Municipal;<\/div>\n<div class=\"textLayer\">f) solicitar \u00e0 Comiss\u00e3o Executiva Estadual a anota\u00e7\u00e3o do Diret\u00f3rio Municipal perante a Justi\u00e7a Eleitoral.<\/div>\n<div class=\"textLayer\">g) encaminhar \u00e0 Secretaria Nacional de Finan\u00e7as todas as contribui\u00e7\u00f5es dos filiados e filiadas, inclusive de ocupantes de cargos eletivos e de confian\u00e7a, bem como de dirigentes partid\u00e1rios do munic\u00edpio, para que a cobran\u00e7a e distribui\u00e7\u00e3o dos valores sejam efetuadas pelo Sistema de Arrecada\u00e7\u00e3o de Contribui\u00e7\u00f5es Estatut\u00e1rias (SACE), nos termos das disposi\u00e7\u00f5es previstas neste Estatuto.<\/div>\n<div><\/div>\n<div class=\"textLayer\"><strong>Art. 84.<\/strong> A Comiss\u00e3o Executiva reunir-se-\u00e1, em car\u00e1ter ordin\u00e1rio, no m\u00ednimo, a cada 15 (quinze) dias e extraordinariamente sempre que convocada por 2\/3 de seus membros.<\/div>\n<div><\/div>\n<\/div>\n<div><strong>Leia mais em: <a href=\"https:\/\/pt.org.br\/wp-content\/uploads\/2018\/03\/estatuto-pt-2012-versao-final-alterada-junho-2017.pdf\">Estatuto do PT<\/a><\/strong><\/div>\n<div class=\"page\" data-page-number=\"24\" data-loaded=\"true\">\n<div class=\"canvasWrapper\"><\/div>\n<div class=\"textLayer\"><\/div>\n<\/div>\n","protected":false},"excerpt":{"rendered":"<p> <a class=\"more-link\" href=\"https:\/\/pt.praxis.pro.br\/index.php\/diretorio-municipal-do-pt-vila-velha\/\">Leia mais&#8230; &raquo;<\/a><\/p>\n","protected":false},"author":1,"featured_media":0,"parent":0,"menu_order":0,"comment_status":"closed","ping_status":"closed","template":"","meta":{"footnotes":""},"class_list":["post-466","page","type-page","status-publish","hentry"],"_links":{"self":[{"href":"https:\/\/pt.praxis.pro.br\/index.php\/wp-json\/wp\/v2\/pages\/466","targetHints":{"allow":["GET"]}}],"collection":[{"href":"https:\/\/pt.praxis.pro.br\/index.php\/wp-json\/wp\/v2\/pages"}],"about":[{"href":"https:\/\/pt.praxis.pro.br\/index.php\/wp-json\/wp\/v2\/types\/page"}],"author":[{"embeddable":true,"href":"https:\/\/pt.praxis.pro.br\/index.php\/wp-json\/wp\/v2\/users\/1"}],"replies":[{"embeddable":true,"href":"https:\/\/pt.praxis.pro.br\/index.php\/wp-json\/wp\/v2\/comments?post=466"}],"version-history":[{"count":9,"href":"https:\/\/pt.praxis.pro.br\/index.php\/wp-json\/wp\/v2\/pages\/466\/revisions"}],"predecessor-version":[{"id":2814,"href":"https:\/\/pt.praxis.pro.br\/index.php\/wp-json\/wp\/v2\/pages\/466\/revisions\/2814"}],"wp:attachment":[{"href":"https:\/\/pt.praxis.pro.br\/index.php\/wp-json\/wp\/v2\/media?parent=466"}],"curies":[{"name":"wp","href":"https:\/\/api.w.org\/{rel}","templated":true}]}}