{"id":214,"date":"2021-12-21T16:09:06","date_gmt":"2021-12-21T19:09:06","guid":{"rendered":"https:\/\/nucleo1ptvv.praxis.pro.br\/?page_id=214"},"modified":"2023-12-27T19:32:29","modified_gmt":"2023-12-27T22:32:29","slug":"web-tv-nucleo-1","status":"publish","type":"page","link":"https:\/\/pt.praxis.pro.br\/index.php\/web-tv-nucleo-1\/","title":{"rendered":""},"content":{"rendered":"<p><img loading=\"lazy\" decoding=\"async\" class=\"alignnone\" title=\"Vila PT\" src=\"https:\/\/pt.praxis.pro.br\/wp-content\/uploads\/2023\/12\/VilaPT800x400px.png\" alt=\"Canal Vila PT\" width=\"648\" height=\"324\" data-warning=\"Missing alt text\" \/><br \/>\n<span style=\"font-size: 18pt;\"><strong>Editorial:<\/strong><\/span><\/p>\n<p>O canal <a href=\"https:\/\/www.youtube.com\/VilaPT\"><strong>Vila PT<\/strong><\/a> foi concebido com o objetivo de criar um canal de informa\u00e7\u00e3o com foco no estado do Esp\u00edrito Santo e no Brasil, trazendo an\u00e1lises dos diversos temas de interesse da popula\u00e7\u00e3o e milit\u00e2ncia.<\/p>\n<p>Voc\u00ea tamb\u00e9m pode participar do canal <a href=\"https:\/\/www.youtube.com\/VilaPT\"><strong>Vila PT<\/strong><\/a>, assistindo aos programas e v\u00eddeos, enviando sugest\u00f5es e coment\u00e1rios. Junte-se a n\u00f3s!<\/p>\n<p><strong>E-mail<\/strong>: militanciaptvv@gmail.com<\/p>\n<hr \/>\n<p><span style=\"font-size: 18pt;\"><strong>Programa\u00e7\u00e3o <\/strong><\/span><\/p>\n\t\t\t<div \n\t\t\tclass=\"yotu-playlist yotuwp yotu-limit-min   yotu-thumb-169  yotu-template-grid\" \n\t\t\tdata-page=\"1\"\n\t\t\tid=\"yotuwp-69fc7f271f2e0\"\n\t\t\tdata-yotu=\"69fc7f27ac283\"\n\t\t\tdata-total=\"66\"\n\t\t\tdata-settings=\"eyJ0eXBlIjoicGxheWxpc3QiLCJpZCI6IlVVdHRKZE5uY0c0akk2bGU5d0tocFBfUSIsInBhZ2luYXRpb24iOiJvbiIsInBhZ2l0eXBlIjoicGFnZXIiLCJjb2x1bW4iOiIzIiwicGVyX3BhZ2UiOiIxMiIsInRlbXBsYXRlIjoiZ3JpZCIsInRpdGxlIjoib24iLCJkZXNjcmlwdGlvbiI6Im9uIiwidGh1bWJyYXRpbyI6IjE2OSIsIm1ldGEiOiJvZmYiLCJtZXRhX2RhdGEiOiJvZmYiLCJtZXRhX3Bvc2l0aW9uIjoib2ZmIiwiZGF0ZV9mb3JtYXQiOiJvZmYiLCJtZXRhX2FsaWduIjoib2ZmIiwic3Vic2NyaWJlIjoib2ZmIiwiZHVyYXRpb24iOiJvZmYiLCJtZXRhX2ljb24iOiJvZmYiLCJuZXh0dGV4dCI6IiIsInByZXZ0ZXh0IjoiIiwibG9hZG1vcmV0ZXh0IjoiIiwicGxheWVyIjp7Im1vZGUiOiJsYXJnZSIsIndpZHRoIjoiNjAwIiwic2Nyb2xsaW5nIjoiMTAwIiwiYXV0b3BsYXkiOjAsImNvbnRyb2xzIjoxLCJtb2Rlc3RicmFuZGluZyI6MSwibG9vcCI6MCwiYXV0b25leHQiOjAsInNob3dpbmZvIjoxLCJyZWwiOjEsInBsYXlpbmciOjAsInBsYXlpbmdfZGVzY3JpcHRpb24iOjAsInRodW1ibmFpbHMiOjAsImNjX2xvYWRfcG9saWN5IjoiMSIsImNjX2xhbmdfcHJlZiI6IjEiLCJobCI6IiIsIml2X2xvYWRfcG9saWN5IjoiMSJ9LCJsYXN0X3RhYiI6ImFwaSIsInVzZV9hc19tb2RhbCI6Im9mZiIsIm1vZGFsX2lkIjoib2ZmIiwibGFzdF91cGRhdGUiOiIxNzAzNjkzMjUxIiwic3R5bGluZyI6eyJwYWdlcl9sYXlvdXQiOiJkZWZhdWx0IiwiYnV0dG9uIjoiMSIsImJ1dHRvbl9jb2xvciI6IiIsImJ1dHRvbl9iZ19jb2xvciI6IiIsImJ1dHRvbl9jb2xvcl9ob3ZlciI6IiIsImJ1dHRvbl9iZ19jb2xvcl9ob3ZlciI6IiIsInZpZGVvX3N0eWxlIjoiIiwicGxheWljb25fY29sb3IiOiIiLCJob3Zlcl9pY29uIjoiIiwiZ2FsbGVyeV9iZyI6IiJ9LCJlZmZlY3RzIjp7InZpZGVvX2JveCI6IiIsImZsaXBfZWZmZWN0IjoiIn0sImdhbGxlcnlfaWQiOiI2OWZjN2YyNzFmMmUwIiwibmV4dCI6IkVBQWFIbEJVT2tOQmQybEZSRmw2VVdwcmVsSlVZek5QVkZrelVYcHJNVTlGUlEiLCJwcmV2IjoiIn0=\"\n\t\t\tdata-player=\"large\"\n\t\t\tdata-showdesc=\"on\" >\n\t\t\t\t<div>\n\t\t\t\t\t\t\t\t\t\t<div class=\"yotu-wrapper-player\" style=\"width:600px\">\n\t\t\t\t\t\t\t\t\t\t\t\t<div class=\"yotu-player\">\n\t\t\t\t\t\t\t<div class=\"yotu-video-placeholder\" id=\"yotu-player-69fc7f27ac283\"><\/div>\n\t\t\t\t\t\t<\/div>\n\t\t\t\t\t\t<div class=\"yotu-playing-status\"><\/div>\n\t\t\t\t\t\t\t\t\t\t\t<\/div>\n\n\t\t\t\t\t<div class=\"yotu-pagination yotu-pager_layout-default yotu-pagination-top\">\n<a href=\"#\" class=\"yotu-pagination-prev yotu-button-prs yotu-button-prs-1\" data-page=\"prev\">Prev<\/a>\n<span class=\"yotu-pagination-current\">1<\/span> <span>of<\/span> <span class=\"yotu-pagination-total\">66<\/span>\n<a href=\"#\" class=\"yotu-pagination-next yotu-button-prs yotu-button-prs-1\" data-page=\"next\">Next<\/a>\n<\/div>\n<div class=\"yotu-videos yotu-mode-grid yotu-column-3 yotu-player-mode-large\">\n\t<ul>\n\t\t\t\t\t<li class=\" yotu-first\">\n\t\t\t\t\t\t\t\t<a href=\"#t_botvVey_U\" class=\"yotu-video\" data-videoid=\"t_botvVey_U\" data-title=\"\u00c9 Lula 2026!!\" title=\"\u00c9 Lula 2026!!\">\n\t\t\t\t\t<div class=\"yotu-video-thumb-wrp\">\n\t\t\t\t\t\t<div>\n\t\t\t\t\t\t\t\t\t\t\t\t\t\t<img decoding=\"async\" class=\"yotu-video-thumb\" src=\"https:\/\/i.ytimg.com\/vi\/t_botvVey_U\/sddefault.jpg\" alt=\"\u00c9 Lula 2026!!\">\t\n\t\t\t\t\t\t\t\t\t\t\t\t\t<\/div>\n\t\t\t\t\t<\/div>\n\t\t\t\t\t\t\t\t\t\t\t<h3 class=\"yotu-video-title\">\u00c9 Lula 2026!!<\/h3>\n\t\t\t\t\t\t\t\t\t\t\t\t\t\t\t\t\t\t\t\t\t<div class=\"yotu-video-description\"><\/div>\n\t\t\t\t\t\t\t\t\t<\/a>\n\t\t\t\t\t\t\t<\/li>\n\t\t\t\t\n\t\t\t\t\t\t<li class=\"\">\n\t\t\t\t\t\t\t\t<a href=\"#M40M133s7eg\" class=\"yotu-video\" data-videoid=\"M40M133s7eg\" data-title=\"Mas olha que maravilha! Isso \u00e9 que \u00e9 sonho!!\" title=\"Mas olha que maravilha! Isso \u00e9 que \u00e9 sonho!!\">\n\t\t\t\t\t<div class=\"yotu-video-thumb-wrp\">\n\t\t\t\t\t\t<div>\n\t\t\t\t\t\t\t\t\t\t\t\t\t\t<img decoding=\"async\" class=\"yotu-video-thumb\" src=\"https:\/\/i.ytimg.com\/vi\/M40M133s7eg\/sddefault.jpg\" alt=\"Mas olha que maravilha! Isso \u00e9 que \u00e9 sonho!!\">\t\n\t\t\t\t\t\t\t\t\t\t\t\t\t<\/div>\n\t\t\t\t\t<\/div>\n\t\t\t\t\t\t\t\t\t\t\t<h3 class=\"yotu-video-title\">Mas olha que maravilha! Isso \u00e9 que \u00e9 sonho!!<\/h3>\n\t\t\t\t\t\t\t\t\t\t\t\t\t\t\t\t\t\t\t\t\t<div class=\"yotu-video-description\"><\/div>\n\t\t\t\t\t\t\t\t\t<\/a>\n\t\t\t\t\t\t\t<\/li>\n\t\t\t\t\n\t\t\t\t\t\t<li class=\"\">\n\t\t\t\t\t\t\t\t<a href=\"#3A80ZUpsty4\" class=\"yotu-video\" data-videoid=\"3A80ZUpsty4\" data-title=\"Nesse pique aqui \ud83d\udde3\ufe0f\" title=\"Nesse pique aqui \ud83d\udde3\ufe0f\">\n\t\t\t\t\t<div class=\"yotu-video-thumb-wrp\">\n\t\t\t\t\t\t<div>\n\t\t\t\t\t\t\t\t\t\t\t\t\t\t<img decoding=\"async\" class=\"yotu-video-thumb\" src=\"https:\/\/i.ytimg.com\/vi\/3A80ZUpsty4\/sddefault.jpg\" alt=\"Nesse pique aqui \ud83d\udde3\ufe0f\">\t\n\t\t\t\t\t\t\t\t\t\t\t\t\t<\/div>\n\t\t\t\t\t<\/div>\n\t\t\t\t\t\t\t\t\t\t\t<h3 class=\"yotu-video-title\">Nesse pique aqui \ud83d\udde3\ufe0f<\/h3>\n\t\t\t\t\t\t\t\t\t\t\t\t\t\t\t\t\t\t\t\t\t<div class=\"yotu-video-description\"><\/div>\n\t\t\t\t\t\t\t\t\t<\/a>\n\t\t\t\t\t\t\t<\/li>\n\t\t\t\t\n\t\t\t\t\t\t<li class=\"\">\n\t\t\t\t\t\t\t\t<a href=\"#c4hLf7DU7gE\" class=\"yotu-video\" data-videoid=\"c4hLf7DU7gE\" data-title=\"Ramagem preso pela pol\u00edcia de Trump\" title=\"Ramagem preso pela pol\u00edcia de Trump\">\n\t\t\t\t\t<div class=\"yotu-video-thumb-wrp\">\n\t\t\t\t\t\t<div>\n\t\t\t\t\t\t\t\t\t\t\t\t\t\t<img decoding=\"async\" class=\"yotu-video-thumb\" src=\"https:\/\/i.ytimg.com\/vi\/c4hLf7DU7gE\/sddefault.jpg\" alt=\"Ramagem preso pela pol\u00edcia de Trump\">\t\n\t\t\t\t\t\t\t\t\t\t\t\t\t<\/div>\n\t\t\t\t\t<\/div>\n\t\t\t\t\t\t\t\t\t\t\t<h3 class=\"yotu-video-title\">Ramagem preso pela pol\u00edcia de Trump<\/h3>\n\t\t\t\t\t\t\t\t\t\t\t\t\t\t\t\t\t\t\t\t\t<div class=\"yotu-video-description\"><\/div>\n\t\t\t\t\t\t\t\t\t<\/a>\n\t\t\t\t\t\t\t<\/li>\n\t\t\t\t\n\t\t\t\t\t\t<li class=\"\">\n\t\t\t\t\t\t\t\t<a href=\"#CI2Tx1A0Wv4\" class=\"yotu-video\" data-videoid=\"CI2Tx1A0Wv4\" data-title=\"Ramagem preso pelo ICE.\" title=\"Ramagem preso pelo ICE.\">\n\t\t\t\t\t<div class=\"yotu-video-thumb-wrp\">\n\t\t\t\t\t\t<div>\n\t\t\t\t\t\t\t\t\t\t\t\t\t\t<img decoding=\"async\" class=\"yotu-video-thumb\" src=\"https:\/\/i.ytimg.com\/vi\/CI2Tx1A0Wv4\/sddefault.jpg\" alt=\"Ramagem preso pelo ICE.\">\t\n\t\t\t\t\t\t\t\t\t\t\t\t\t<\/div>\n\t\t\t\t\t<\/div>\n\t\t\t\t\t\t\t\t\t\t\t<h3 class=\"yotu-video-title\">Ramagem preso pelo ICE.<\/h3>\n\t\t\t\t\t\t\t\t\t\t\t\t\t\t\t\t\t\t\t\t\t<div class=\"yotu-video-description\"><\/div>\n\t\t\t\t\t\t\t\t\t<\/a>\n\t\t\t\t\t\t\t<\/li>\n\t\t\t\t\n\t\t\t\t\t\t<li class=\"\">\n\t\t\t\t\t\t\t\t<a href=\"#yujHSjetd5E\" class=\"yotu-video\" data-videoid=\"yujHSjetd5E\" data-title=\"Esse joga sujo, hein? \ud83e\udd2e\" title=\"Esse joga sujo, hein? \ud83e\udd2e\">\n\t\t\t\t\t<div class=\"yotu-video-thumb-wrp\">\n\t\t\t\t\t\t<div>\n\t\t\t\t\t\t\t\t\t\t\t\t\t\t<img decoding=\"async\" class=\"yotu-video-thumb\" src=\"https:\/\/i.ytimg.com\/vi\/yujHSjetd5E\/sddefault.jpg\" alt=\"Esse joga sujo, hein? \ud83e\udd2e\">\t\n\t\t\t\t\t\t\t\t\t\t\t\t\t<\/div>\n\t\t\t\t\t<\/div>\n\t\t\t\t\t\t\t\t\t\t\t<h3 class=\"yotu-video-title\">Esse joga sujo, hein? \ud83e\udd2e<\/h3>\n\t\t\t\t\t\t\t\t\t\t\t\t\t\t\t\t\t\t\t\t\t<div class=\"yotu-video-description\"><\/div>\n\t\t\t\t\t\t\t\t\t<\/a>\n\t\t\t\t\t\t\t<\/li>\n\t\t\t\t\n\t\t\t\t\t\t<li class=\"\">\n\t\t\t\t\t\t\t\t<a href=\"#6ErL2TzGRiY\" class=\"yotu-video\" data-videoid=\"6ErL2TzGRiY\" data-title=\"A import\u00e2ncia de ter um trabalhador na presid\u00eancia\" title=\"A import\u00e2ncia de ter um trabalhador na presid\u00eancia\">\n\t\t\t\t\t<div class=\"yotu-video-thumb-wrp\">\n\t\t\t\t\t\t<div>\n\t\t\t\t\t\t\t\t\t\t\t\t\t\t<img decoding=\"async\" class=\"yotu-video-thumb\" src=\"https:\/\/i.ytimg.com\/vi\/6ErL2TzGRiY\/sddefault.jpg\" alt=\"A import\u00e2ncia de ter um trabalhador na presid\u00eancia\">\t\n\t\t\t\t\t\t\t\t\t\t\t\t\t<\/div>\n\t\t\t\t\t<\/div>\n\t\t\t\t\t\t\t\t\t\t\t<h3 class=\"yotu-video-title\">A import\u00e2ncia de ter um trabalhador na presid\u00eancia<\/h3>\n\t\t\t\t\t\t\t\t\t\t\t\t\t\t\t\t\t\t\t\t\t<div class=\"yotu-video-description\"><\/div>\n\t\t\t\t\t\t\t\t\t<\/a>\n\t\t\t\t\t\t\t<\/li>\n\t\t\t\t\n\t\t\t\t\t\t<li class=\"\">\n\t\t\t\t\t\t\t\t<a href=\"#YG-wc5RFSYQ\" class=\"yotu-video\" data-videoid=\"YG-wc5RFSYQ\" data-title=\"A fam\u00edlia Bolsonaro trabalha para o Trump. Lula trabalha para o Brasil! \u270a\ud83c\udffe\" title=\"A fam\u00edlia Bolsonaro trabalha para o Trump. Lula trabalha para o Brasil! \u270a\ud83c\udffe\">\n\t\t\t\t\t<div class=\"yotu-video-thumb-wrp\">\n\t\t\t\t\t\t<div>\n\t\t\t\t\t\t\t\t\t\t\t\t\t\t<img decoding=\"async\" class=\"yotu-video-thumb\" src=\"https:\/\/i.ytimg.com\/vi\/YG-wc5RFSYQ\/sddefault.jpg\" alt=\"A fam\u00edlia Bolsonaro trabalha para o Trump. Lula trabalha para o Brasil! \u270a\ud83c\udffe\">\t\n\t\t\t\t\t\t\t\t\t\t\t\t\t<\/div>\n\t\t\t\t\t<\/div>\n\t\t\t\t\t\t\t\t\t\t\t<h3 class=\"yotu-video-title\">A fam\u00edlia Bolsonaro trabalha para o Trump. Lula trabalha para o Brasil! \u270a\ud83c\udffe<\/h3>\n\t\t\t\t\t\t\t\t\t\t\t\t\t\t\t\t\t\t\t\t\t<div class=\"yotu-video-description\"><\/div>\n\t\t\t\t\t\t\t\t\t<\/a>\n\t\t\t\t\t\t\t<\/li>\n\t\t\t\t\n\t\t\t\t\t\t<li class=\"\">\n\t\t\t\t\t\t\t\t<a href=\"#PyWCoxvkSwU\" class=\"yotu-video\" data-videoid=\"PyWCoxvkSwU\" data-title=\"O PIX \u00e9 nosso \u270a\ud83c\udffe\" title=\"O PIX \u00e9 nosso \u270a\ud83c\udffe\">\n\t\t\t\t\t<div class=\"yotu-video-thumb-wrp\">\n\t\t\t\t\t\t<div>\n\t\t\t\t\t\t\t\t\t\t\t\t\t\t<img decoding=\"async\" class=\"yotu-video-thumb\" src=\"https:\/\/i.ytimg.com\/vi\/PyWCoxvkSwU\/sddefault.jpg\" alt=\"O PIX \u00e9 nosso \u270a\ud83c\udffe\">\t\n\t\t\t\t\t\t\t\t\t\t\t\t\t<\/div>\n\t\t\t\t\t<\/div>\n\t\t\t\t\t\t\t\t\t\t\t<h3 class=\"yotu-video-title\">O PIX \u00e9 nosso \u270a\ud83c\udffe<\/h3>\n\t\t\t\t\t\t\t\t\t\t\t\t\t\t\t\t\t\t\t\t\t<div class=\"yotu-video-description\"><\/div>\n\t\t\t\t\t\t\t\t\t<\/a>\n\t\t\t\t\t\t\t<\/li>\n\t\t\t\t\n\t\t\t\t\t\t<li class=\"\">\n\t\t\t\t\t\t\t\t<a href=\"#Rsqp6Nr1YhA\" class=\"yotu-video\" data-videoid=\"Rsqp6Nr1YhA\" data-title=\"Se emocionou a\u00ed? \ud83e\udd79\" title=\"Se emocionou a\u00ed? \ud83e\udd79\">\n\t\t\t\t\t<div class=\"yotu-video-thumb-wrp\">\n\t\t\t\t\t\t<div>\n\t\t\t\t\t\t\t\t\t\t\t\t\t\t<img decoding=\"async\" class=\"yotu-video-thumb\" src=\"https:\/\/i.ytimg.com\/vi\/Rsqp6Nr1YhA\/sddefault.jpg\" alt=\"Se emocionou a\u00ed? \ud83e\udd79\">\t\n\t\t\t\t\t\t\t\t\t\t\t\t\t<\/div>\n\t\t\t\t\t<\/div>\n\t\t\t\t\t\t\t\t\t\t\t<h3 class=\"yotu-video-title\">Se emocionou a\u00ed? \ud83e\udd79<\/h3>\n\t\t\t\t\t\t\t\t\t\t\t\t\t\t\t\t\t\t\t\t\t<div class=\"yotu-video-description\"><\/div>\n\t\t\t\t\t\t\t\t\t<\/a>\n\t\t\t\t\t\t\t<\/li>\n\t\t\t\t\n\t\t\t\t\t\t<li class=\"\">\n\t\t\t\t\t\t\t\t<a href=\"#fkQvIs57OtY\" class=\"yotu-video\" data-videoid=\"fkQvIs57OtY\" data-title=\"Por que algu\u00e9m seria contra a criminaliza\u00e7\u00e3o da misoginia? \ud83e\udd14\" title=\"Por que algu\u00e9m seria contra a criminaliza\u00e7\u00e3o da misoginia? \ud83e\udd14\">\n\t\t\t\t\t<div class=\"yotu-video-thumb-wrp\">\n\t\t\t\t\t\t<div>\n\t\t\t\t\t\t\t\t\t\t\t\t\t\t<img decoding=\"async\" class=\"yotu-video-thumb\" src=\"https:\/\/i.ytimg.com\/vi\/fkQvIs57OtY\/sddefault.jpg\" alt=\"Por que algu\u00e9m seria contra a criminaliza\u00e7\u00e3o da misoginia? \ud83e\udd14\">\t\n\t\t\t\t\t\t\t\t\t\t\t\t\t<\/div>\n\t\t\t\t\t<\/div>\n\t\t\t\t\t\t\t\t\t\t\t<h3 class=\"yotu-video-title\">Por que algu\u00e9m seria contra a criminaliza\u00e7\u00e3o da misoginia? \ud83e\udd14<\/h3>\n\t\t\t\t\t\t\t\t\t\t\t\t\t\t\t\t\t\t\t\t\t<div class=\"yotu-video-description\"><\/div>\n\t\t\t\t\t\t\t\t\t<\/a>\n\t\t\t\t\t\t\t<\/li>\n\t\t\t\t\n\t\t\t\t\t\t<li class=\" yotu-last\">\n\t\t\t\t\t\t\t\t<a href=\"#WEitOehD9_M\" class=\"yotu-video\" data-videoid=\"WEitOehD9_M\" data-title=\"N\u00e3o comente em post da direita.\" title=\"N\u00e3o comente em post da direita.\">\n\t\t\t\t\t<div class=\"yotu-video-thumb-wrp\">\n\t\t\t\t\t\t<div>\n\t\t\t\t\t\t\t\t\t\t\t\t\t\t<img decoding=\"async\" class=\"yotu-video-thumb\" src=\"https:\/\/i.ytimg.com\/vi\/WEitOehD9_M\/sddefault.jpg\" alt=\"N\u00e3o comente em post da direita.\">\t\n\t\t\t\t\t\t\t\t\t\t\t\t\t<\/div>\n\t\t\t\t\t<\/div>\n\t\t\t\t\t\t\t\t\t\t\t<h3 class=\"yotu-video-title\">N\u00e3o comente em post da direita.<\/h3>\n\t\t\t\t\t\t\t\t\t\t\t\t\t\t\t\t\t\t\t\t\t<div class=\"yotu-video-description\"><\/div>\n\t\t\t\t\t\t\t\t\t<\/a>\n\t\t\t\t\t\t\t<\/li>\n\t\t\t\t\n\t\t\t\t<\/ul>\n<\/div><div class=\"yotu-pagination yotu-pager_layout-default yotu-pagination-bottom\">\n<a href=\"#\" class=\"yotu-pagination-prev yotu-button-prs yotu-button-prs-1\" data-page=\"prev\">Prev<\/a>\n<span class=\"yotu-pagination-current\">1<\/span> <span>of<\/span> <span class=\"yotu-pagination-total\">66<\/span>\n<a href=\"#\" class=\"yotu-pagination-next yotu-button-prs yotu-button-prs-1\" data-page=\"next\">Next<\/a>\n<\/div>\n\t\t\t\t<\/div>\n\t\t\t<\/div>\n\t\t\t\n","protected":false},"excerpt":{"rendered":"<p> <a class=\"more-link\" href=\"https:\/\/pt.praxis.pro.br\/index.php\/web-tv-nucleo-1\/\">Leia mais&#8230; &raquo;<\/a><\/p>\n","protected":false},"author":1,"featured_media":384,"parent":0,"menu_order":0,"comment_status":"closed","ping_status":"closed","template":"","meta":{"footnotes":""},"class_list":["post-214","page","type-page","status-publish","has-post-thumbnail","hentry"],"_links":{"self":[{"href":"https:\/\/pt.praxis.pro.br\/index.php\/wp-json\/wp\/v2\/pages\/214","targetHints":{"allow":["GET"]}}],"collection":[{"href":"https:\/\/pt.praxis.pro.br\/index.php\/wp-json\/wp\/v2\/pages"}],"about":[{"href":"https:\/\/pt.praxis.pro.br\/index.php\/wp-json\/wp\/v2\/types\/page"}],"author":[{"embeddable":true,"href":"https:\/\/pt.praxis.pro.br\/index.php\/wp-json\/wp\/v2\/users\/1"}],"replies":[{"embeddable":true,"href":"https:\/\/pt.praxis.pro.br\/index.php\/wp-json\/wp\/v2\/comments?post=214"}],"version-history":[{"count":62,"href":"https:\/\/pt.praxis.pro.br\/index.php\/wp-json\/wp\/v2\/pages\/214\/revisions"}],"predecessor-version":[{"id":2726,"href":"https:\/\/pt.praxis.pro.br\/index.php\/wp-json\/wp\/v2\/pages\/214\/revisions\/2726"}],"wp:featuredmedia":[{"embeddable":true,"href":"https:\/\/pt.praxis.pro.br\/index.php\/wp-json\/wp\/v2\/media\/384"}],"wp:attachment":[{"href":"https:\/\/pt.praxis.pro.br\/index.php\/wp-json\/wp\/v2\/media?parent=214"}],"curies":[{"name":"wp","href":"https:\/\/api.w.org\/{rel}","templated":true}]}}