{"id":1938,"date":"2022-07-19T19:14:13","date_gmt":"2022-07-19T22:14:13","guid":{"rendered":"https:\/\/pt.praxis.pro.br\/?page_id=1938"},"modified":"2022-07-25T19:34:33","modified_gmt":"2022-07-25T22:34:33","slug":"dia-31-07-as-9h-teremos-a-presenca-de-ana-claudia-meira-no-projeto-vamos-conhecer-nossasas-pre-candidatasos-do-pt-es","status":"publish","type":"page","link":"https:\/\/pt.praxis.pro.br\/index.php\/dia-31-07-as-9h-teremos-a-presenca-de-ana-claudia-meira-no-projeto-vamos-conhecer-nossasas-pre-candidatasos-do-pt-es\/","title":{"rendered":"Dia 31\/07 \u00e0s 9h teremos a presen\u00e7a de Iriny Lopes no Projeto \u201cVamos Conhecer nossas(as) pr\u00e9-candidatas(os) do PT-ES\u201d"},"content":{"rendered":"<p style=\"text-align: center;\"><strong>\u00a0No projeto Vamos conhecer nossas candidatas, teremos a presen\u00e7a de<\/strong><\/p>\n<p style=\"text-align: center;\"><strong>\ud83d\udfe2\ud83d\udfe2 Iriny Lopes \u2013 Pr\u00e9-candidata a Deputada Estadual \u2013 PT\/ES \ud83d\udfe2\ud83d\udfe2<\/strong><\/p>\n<p style=\"text-align: center;\"><strong>DATA DO EVENTO: 31\/07<\/strong><\/p>\n<p><img loading=\"lazy\" decoding=\"async\" class=\"alignnone wp-image-1960 aligncenter\" src=\"https:\/\/pt.praxis.pro.br\/wp-content\/uploads\/2022\/07\/Instagram-Iriny-Lopes-1024x1024.png\" alt=\"\" width=\"522\" height=\"522\" srcset=\"https:\/\/pt.praxis.pro.br\/wp-content\/uploads\/2022\/07\/Instagram-Iriny-Lopes-1024x1024.png 1024w, https:\/\/pt.praxis.pro.br\/wp-content\/uploads\/2022\/07\/Instagram-Iriny-Lopes-300x300.png 300w, https:\/\/pt.praxis.pro.br\/wp-content\/uploads\/2022\/07\/Instagram-Iriny-Lopes-150x150.png 150w, https:\/\/pt.praxis.pro.br\/wp-content\/uploads\/2022\/07\/Instagram-Iriny-Lopes-768x768.png 768w, https:\/\/pt.praxis.pro.br\/wp-content\/uploads\/2022\/07\/Instagram-Iriny-Lopes-1536x1536.png 1536w, https:\/\/pt.praxis.pro.br\/wp-content\/uploads\/2022\/07\/Instagram-Iriny-Lopes-200x200.png 200w, https:\/\/pt.praxis.pro.br\/wp-content\/uploads\/2022\/07\/Instagram-Iriny-Lopes-100x100.png 100w, https:\/\/pt.praxis.pro.br\/wp-content\/uploads\/2022\/07\/Instagram-Iriny-Lopes-40x40.png 40w, https:\/\/pt.praxis.pro.br\/wp-content\/uploads\/2022\/07\/Instagram-Iriny-Lopes.png 1580w\" sizes=\"auto, (max-width: 522px) 100vw, 522px\" \/><\/p>\n<p style=\"text-align: center;\">** Evento presencial com transmiss\u00e3o simult\u00e2nea pelo canal <a href=\"https:\/\/youtube.com\/VilaPT\"><strong>https:\/\/youtube.com\/VilaPT<\/strong><\/a> **<\/p>\n<p>&nbsp;<\/p>\n<p><span style=\"color: #000080;\"><strong>ATIVIDADES DE PREPARA\u00c7\u00c3O PARA O EVENTO<\/strong><\/span><\/p>\n<table style=\"width: 100%; height: 1072px;\">\n<tbody>\n<tr style=\"height: 19px;\">\n<td style=\"height: 19px; width: 76.4%;\"><strong>ATIVIDADES ANTES DO EVENTO<\/strong><\/td>\n<td style=\"height: 19px; width: 14.6%;\"><strong>RESPONS\u00c1VEL<\/strong><\/td>\n<td style=\"height: 19px; width: 8.2%;\"><strong>SITUA\u00c7\u00c3O<\/strong><\/td>\n<\/tr>\n<tr style=\"height: 19px;\">\n<td style=\"height: 19px; width: 76.4%;\"><strong>Confirmar a participa\u00e7\u00e3o do Pr\u00e9-Candidata:<\/strong><\/td>\n<td style=\"height: 19px; width: 14.6%;\">Cleber<\/td>\n<td style=\"height: 19px; width: 8.2%;\"><span style=\"color: #008000;\">Ok<\/span><\/td>\n<\/tr>\n<tr style=\"height: 176px;\">\n<td style=\"height: 176px; width: 76.4%;\"><strong>Agendar o local<\/strong>: &#8220;<strong><span style=\"color: #993300;\">Martina Toloni<\/span>&#8221;\u00a0<\/strong><\/p>\n<ul>\n<li>verificar quantas <strong>mesas, cadeiras<\/strong> e <strong>capacidade<\/strong> de pessoas para o local;<\/li>\n<li>verificar se h\u00e1 <strong>Internet<\/strong> dispon\u00edvel<\/li>\n<li>verificar se h\u00e1 equipamento de som dispon\u00edvel (microfone, caixa de som)<\/li>\n<li>verificar se h\u00e1 <strong>bebedouro<\/strong> e condi\u00e7\u00f5es de <strong>banheiros<\/strong><\/li>\n<li>verificar <strong>acessibilidade<\/strong> do local<\/li>\n<\/ul>\n<\/td>\n<td style=\"height: 176px; width: 14.6%;\"><strong>Dari<\/strong><\/td>\n<td style=\"height: 176px; width: 8.2%;\"><span style=\"color: #008000;\">Ok<\/span><\/td>\n<\/tr>\n<tr style=\"height: 79px;\">\n<td style=\"height: 79px; width: 76.4%;\"><strong>Agendar a pr\u00f3xima reuni\u00e3o de coordena\u00e7\u00e3o<\/strong>\u00a0do evento<\/p>\n<ul>\n<li>25\/julho &#8211; 19h\n<ul>\n<li><strong>Repasse do roteiro!!<\/strong><\/li>\n<\/ul>\n<\/li>\n<\/ul>\n<\/td>\n<td style=\"height: 79px; width: 14.6%;\">Cleber<\/td>\n<td style=\"height: 79px; width: 8.2%;\"><span style=\"color: #008000;\">Ok<\/span><\/td>\n<\/tr>\n<tr style=\"height: 19px;\">\n<td style=\"height: 19px; width: 76.4%;\"><strong>Elabora\u00e7\u00e3o de Card\u00a0do evento: <\/strong>formato para o Whatsapp 1580 x 1580<\/td>\n<td style=\"height: 19px; width: 14.6%;\">Cleber<\/td>\n<td style=\"height: 19px; width: 8.2%;\"><span style=\"color: #008000;\">Ok<\/span><\/td>\n<\/tr>\n<tr style=\"height: 79px;\">\n<td style=\"height: 79px; width: 76.4%;\"><strong>Elabora\u00e7\u00e3o de\u00a0texto para convidar para o evento\u00a0\u2013 formato\u00a0Whatsapp<\/strong><\/p>\n<ul>\n<li>Enviar texto de convite para evento nos grupos do Whatsaapp<\/li>\n<\/ul>\n<\/td>\n<td style=\"height: 79px; width: 14.6%;\">Dari<\/td>\n<td style=\"height: 79px; width: 8.2%;\"><span style=\"color: #993300;\">Pendente<\/span><\/td>\n<\/tr>\n<tr style=\"height: 19px;\">\n<td style=\"height: 19px; width: 76.4%;\"><strong>Elabora\u00e7\u00e3o de Card<\/strong>\u00a0do evento: formato para o\u00a0<strong>Youtube<\/strong>\u00a01280 x 720<\/td>\n<td style=\"height: 19px; width: 14.6%;\">Cleber<\/td>\n<td style=\"height: 19px; width: 8.2%;\"><span style=\"color: #993300;\">Pendente<\/span><\/td>\n<\/tr>\n<tr style=\"height: 19px;\">\n<td style=\"height: 19px; width: 76.4%;\"><strong>Agendar transmiss\u00e3o no canal<\/strong> do Youtube.com\/VilaPT<\/td>\n<td style=\"height: 19px; width: 14.6%;\">Cleber<\/td>\n<td style=\"height: 19px; width: 8.2%;\"><span style=\"color: #993300;\">Pendente<\/span><\/td>\n<\/tr>\n<tr style=\"height: 19px;\">\n<td style=\"width: 76.4%; height: 19px;\"><strong>Alertar ao candidato: <\/strong><\/p>\n<ul>\n<li>sobre a import\u00e2ncia de levar os apoiadores para o evento<\/li>\n<li>divulgar em suas redes sociais<\/li>\n<\/ul>\n<\/td>\n<td style=\"width: 14.6%; height: 19px;\">Vanessa<\/td>\n<td style=\"width: 8.2%; height: 19px;\"><span style=\"color: #993300;\">Pendente<\/span><\/td>\n<\/tr>\n<tr style=\"height: 19px;\">\n<td style=\"height: 19px; width: 76.4%;\"><strong>Corpo-a-corpo de engajamento<\/strong>\u00a0de militantes<\/p>\n<ul>\n<li><span style=\"color: #993300;\">Meta de que cada militante leve, no m\u00ednimo, mais 5 militantes\/simpatizantes para o evento<\/span><\/li>\n<li><strong>Enviar card<\/strong>\u00a0de convite para evento\u00a0<strong>nos grupos do Whatsaapp<\/strong><\/li>\n<li><span style=\"color: #993300;\">Reenviar convite do evento, 4 dias antes<\/span><\/li>\n<li><span style=\"color: #993300;\">Reenviar convite do evento, 3 dias antes<\/span><\/li>\n<li><span style=\"color: #993300;\">Reenviar convite do evento, 2 dia antes<\/span><\/li>\n<li><span style=\"color: #993300;\">Reenviar convite do evento, 1 dia antes<\/span><\/li>\n<li><span style=\"color: #993300;\">Comentar sobre o evento no grupo do zap do PT<\/span>\n<ul>\n<li>1 vez por dia, entrar e comentar<\/li>\n<\/ul>\n<\/li>\n<\/ul>\n<\/td>\n<td style=\"height: 19px; width: 14.6%;\"><span style=\"color: #993300;\">Todos<\/span><\/td>\n<td style=\"height: 19px; width: 8.2%;\"><span style=\"color: #993300;\">Pendente<\/span><\/td>\n<\/tr>\n<tr style=\"height: 19px;\">\n<td style=\"height: 19px; width: 76.4%;\">Elaborar e imprimir\u00a0<strong>lista de presen\u00e7as<\/strong><\/td>\n<td style=\"height: 19px; width: 14.6%;\">Vanessa<\/td>\n<td style=\"height: 19px; width: 8.2%;\"><span style=\"color: #008000;\">Ok<\/span><\/td>\n<\/tr>\n<tr style=\"height: 98px;\">\n<td style=\"height: 98px; width: 76.4%;\"><strong>Reservar material de expediente<\/strong>:<\/p>\n<ul>\n<li>l\u00e1pis, caneta, papel em branco, bloco de anota\u00e7\u00f5es, grampeador, fita adesiva, prancheta e cord\u00e3o para prender canetas nas pranchetas<\/li>\n<\/ul>\n<\/td>\n<td style=\"height: 98px; width: 14.6%;\">Vanessa<\/td>\n<td style=\"height: 98px; width: 8.2%;\"><span style=\"color: #008000;\">Ok<\/span><\/td>\n<\/tr>\n<tr style=\"height: 98px;\">\n<td style=\"height: 98px; width: 76.4%;\">Reservar\u00a0<strong>material para transmiss\u00e3o pelo Youtube<\/strong><\/p>\n<ul>\n<li>Notebook, internet, microfone de notebook, headset, extens\u00e3o el\u00e9trica, webcam, trip\u00e9, fita crepe<\/li>\n<\/ul>\n<\/td>\n<td style=\"height: 98px; width: 14.6%;\">Cleber<\/td>\n<td style=\"height: 98px; width: 8.2%;\"><span style=\"color: #008000;\">Ok<\/span><\/td>\n<\/tr>\n<tr>\n<td style=\"width: 76.4%;\">Levar cabo de rede extra<\/td>\n<td style=\"width: 14.6%;\">Cleber<\/td>\n<td style=\"width: 8.2%;\"><span style=\"color: #008000;\">Ok<\/span><\/td>\n<\/tr>\n<tr style=\"height: 98px;\">\n<td style=\"height: 98px; width: 76.4%;\"><span style=\"color: #993300;\"><strong>Comes e bebes<\/strong>: consultar na milit\u00e2ncia quem poderia contribuir com o evento, levando algum dos itens abaixo:<\/span><\/p>\n<ul>\n<li>Caf\u00e9 (Cleber), jarra de \u00e1gua (Cleber), refrigerante, suco, biscoito<\/li>\n<\/ul>\n<\/td>\n<td style=\"height: 98px; width: 14.6%;\">Lanche compartilhado<\/td>\n<td style=\"height: 98px; width: 8.2%;\"><\/td>\n<\/tr>\n<tr style=\"height: 19px;\">\n<td style=\"height: 19px; width: 76.4%;\">Convidar artista\u00a0 para momento cultural &#8211; Carlos Papel<\/td>\n<td style=\"height: 19px; width: 14.6%;\">Wilson<\/td>\n<td style=\"height: 19px; width: 8.2%;\"><span style=\"color: #993300;\">Pendente<\/span><\/td>\n<\/tr>\n<tr style=\"height: 137px;\">\n<td style=\"height: 137px; width: 76.4%;\"><strong>Exposi\u00e7\u00e3o de produtos da milit\u00e2ncia de esquerda:<\/strong><\/p>\n<ul>\n<li>Livros (Wilson Co\u00ealho, Andr\u00e9 Serrano, Emerson Sbardelotti)<\/li>\n<li>Camisas, bon\u00e9s e bandeiras (MST, Esquerda de Neg\u00f3cios)<\/li>\n<li>Brindes<\/li>\n<li>Comidas<\/li>\n<\/ul>\n<\/td>\n<td style=\"height: 137px; width: 14.6%;\">Cleber<\/td>\n<td style=\"height: 137px; width: 8.2%;\"><\/td>\n<\/tr>\n<tr style=\"height: 136px;\">\n<td style=\"width: 76.4%; height: 136px;\"><strong>Elabora\u00e7\u00e3o de v\u00eddeos de divulga\u00e7\u00e3o<\/strong><\/p>\n<ul>\n<li>Wilson &#8211; produzir o v\u00eddeo do livro<\/li>\n<li>Luiz Carlos &#8211; secretaria de combate ao racismo<\/li>\n<li>Jonathas &#8211;<\/li>\n<li>Walqu\u00edria &#8211; Depoimento do projeto<\/li>\n<\/ul>\n<\/td>\n<td style=\"width: 14.6%; height: 136px;\"><\/td>\n<td style=\"width: 8.2%; height: 136px;\"><\/td>\n<\/tr>\n<\/tbody>\n<\/table>\n<p>&nbsp;<\/p>\n<p><span style=\"color: #000080;\"><strong>ATIVIDADES NO DIA DO EVENTO<\/strong><\/span><\/p>\n<table style=\"width: 100%;\">\n<tbody>\n<tr>\n<td style=\"width: 62.1239%;\"><strong>ATIVIDADES DURANTE O EVENTO<\/strong><\/td>\n<td style=\"width: 21.9469%;\"><strong>RESPONS\u00c1VEL<\/strong><\/td>\n<td style=\"width: 14.5133%;\"><strong>SITUA\u00c7\u00c3O<\/strong><\/td>\n<\/tr>\n<tr>\n<td style=\"width: 62.1239%;\"><strong>Organizar mesa com listas de presen\u00e7a na entrada, com canetas presas em pranchetas<\/strong><\/p>\n<ul>\n<li>Recolher lista de presen\u00e7a ao final do evento<\/li>\n<\/ul>\n<\/td>\n<td style=\"width: 21.9469%;\">Walqu\u00edria<\/td>\n<td style=\"width: 14.5133%;\">Previsto<\/td>\n<\/tr>\n<tr>\n<td style=\"width: 62.1239%;\"><strong>Organizar mesa de comes e bebes<\/strong><\/p>\n<ul>\n<li>Recolher material ao final do evento<\/li>\n<\/ul>\n<\/td>\n<td style=\"width: 21.9469%;\">Walqu\u00edria \/ Moiz\u00e9s<\/td>\n<td style=\"width: 14.5133%;\">Previsto<\/td>\n<\/tr>\n<tr>\n<td style=\"width: 62.1239%;\"><strong>Organizar mesa de transmiss\u00e3o do Youtube<\/strong><\/p>\n<ul>\n<li>Recolher material ao final do evento<\/li>\n<\/ul>\n<\/td>\n<td style=\"width: 21.9469%;\">Cleber<\/td>\n<td style=\"width: 14.5133%;\">Previsto<\/td>\n<\/tr>\n<tr>\n<td style=\"width: 62.1239%;\"><strong>Disponibilizar pranchetas para respons\u00e1veis por recolher perguntas do Youtube<\/strong><\/p>\n<ul>\n<li>Anotar perguntas em caso de participantes com necessidades especiais<\/li>\n<li>Ajudar a escrever a pergunta<\/li>\n<li>Guardar as perguntas ao final do evento e entregar \u00e0 coordena\u00e7\u00e3o<\/li>\n<\/ul>\n<\/td>\n<td style=\"width: 21.9469%;\">Dari<\/td>\n<td style=\"width: 14.5133%;\">Previsto<\/td>\n<\/tr>\n<tr>\n<td style=\"width: 62.1239%;\"><strong>Elaborar mat\u00e9ria (texto) sobre o evento<\/strong><\/p>\n<ul>\n<li>Ao final (ou ap\u00f3s revis\u00e3o posterior), enviar para a coordena\u00e7\u00e3o para divulga\u00e7\u00e3o nas redes sociais<\/li>\n<\/ul>\n<\/td>\n<td style=\"width: 21.9469%;\">Wilson<\/td>\n<td style=\"width: 14.5133%;\">Previsto<\/td>\n<\/tr>\n<tr>\n<td style=\"width: 62.1239%;\"><strong>Fotografar o evento<\/strong><\/p>\n<ul>\n<li>Postar nas redes social da Milit\u00e2ncia e do PT<\/li>\n<li>Ao final (ou ap\u00f3s revis\u00e3o posterior), enviar para a coordena\u00e7\u00e3o para divulga\u00e7\u00e3o nas demais redes sociais<\/li>\n<\/ul>\n<\/td>\n<td style=\"width: 21.9469%;\">Williams<\/td>\n<td style=\"width: 14.5133%;\">Previsto<\/td>\n<\/tr>\n<tr>\n<td style=\"width: 62.1239%;\"><strong>Anotar perguntas feitas pelo chat do Youtube<\/strong><\/td>\n<td style=\"width: 21.9469%;\">Vanessa<\/td>\n<td style=\"width: 14.5133%;\">Previsto<\/td>\n<\/tr>\n<tr>\n<td style=\"width: 62.1239%;\"><strong>Anotar perguntas presencial<\/strong><\/td>\n<td style=\"width: 21.9469%;\">Walqu\u00edria<\/td>\n<td style=\"width: 14.5133%;\">Previsto<\/td>\n<\/tr>\n<tr>\n<td style=\"width: 62.1239%;\"><strong>Coordena\u00e7\u00e3o dos trabalhos =&gt;<\/strong><\/p>\n<p><strong>** ROTEIRO DO EVENTO **<\/strong><\/p>\n<ul>\n<li><strong>Wilson<\/strong> &#8211; palavras iniciais<\/li>\n<li><strong>Walqu\u00edria<\/strong> &#8211; fala sobre o projeto e apresenta\u00e7\u00e3o da candidata<\/li>\n<li><strong>Luiz Carlos<\/strong>\n<ul>\n<li>Explicar para todos como ser\u00e1 a condu\u00e7\u00e3o do evento\n<ul>\n<li><strong>OBS<\/strong>: disponibilizar para a coordena\u00e7\u00e3o caneta, l\u00e1pis e papel<\/li>\n<li><strong>OBS<\/strong>: se houver atraso, justificar no chat<\/li>\n<li>Informar que a comunica\u00e7\u00e3o ser\u00e1 feita pelo Whatsapp<\/li>\n<\/ul>\n<\/li>\n<li><strong>Placa de 3 minutos e 1 minuto<\/strong><\/li>\n<\/ul>\n<\/li>\n<\/ul>\n<ul>\n<li>Passar a fala ao <strong>pr\u00e9-candidato<\/strong>\n<ul>\n<li><strong>Parte 1<\/strong>:\n<ul>\n<li>candidato fala sobre ele (quem \u00e9, de onde, atua\u00e7\u00e3o pol\u00edtica, experi\u00eancia, propostas de trabalho, etc)<\/li>\n<\/ul>\n<\/li>\n<li><strong>Parte 2<\/strong>:\n<ul>\n<li>an\u00e1lise do cen\u00e1rio pol\u00edtico<\/li>\n<li>import\u00e2ncia da milit\u00e2ncia,<\/li>\n<li>como militar no PT e<\/li>\n<li>como militar na campanha da candidata<\/li>\n<\/ul>\n<\/li>\n<li><strong>Parte 3:<\/strong>\n<ul>\n<li>Perguntas da plateia e do Youtube e respostas do candidato<\/li>\n<\/ul>\n<\/li>\n<li><strong>Pergunta para o candidato sobre as redes sociais<\/strong><\/li>\n<\/ul>\n<\/li>\n<li>Solicitar as\u00a0<strong>considera\u00e7\u00f5es finais<\/strong> do\u00a0<strong>candidato<\/strong><\/li>\n<li>Pr\u00f3ximos eventos do <strong>Vila PT<\/strong>:<\/li>\n<li><b>Fala final da\u00a0<\/b><b>coordena\u00e7\u00e3o\u00a0<\/b>(<b>10 min) (Dari)<\/b>\n<ul>\n<li><span style=\"font-family: inherit;\">Agradecer a participa\u00e7\u00e3o;<\/span><\/li>\n<li>Falar que est\u00e3o dispon\u00edveis os outros candidatos no youtube\/VilaPT<\/li>\n<li>Fazer um chamado para o pr\u00f3ximo evento.<\/li>\n<li>Chamada para engajamento da milit\u00e2ncia.<\/li>\n<li>Os dois pr\u00f3ximos eventos s\u00e3o &#8230; e &#8230;.<\/li>\n<li>No site da milit\u00e2ncia temos a programa\u00e7\u00e3o dos demais eventos<\/li>\n<\/ul>\n<\/li>\n<li><strong>Momento cultural:<\/strong> Carlos Papel<\/li>\n<\/ul>\n<\/td>\n<td style=\"width: 21.9469%;\"><strong>Luiz Carlos<\/strong> \/ <strong>Walqu\u00edria<\/strong><\/p>\n<p>&nbsp;<\/p>\n<p>&nbsp;<\/p>\n<p>&nbsp;<\/p>\n<p>&nbsp;<\/p>\n<p>&nbsp;<\/p>\n<p>&nbsp;<\/p>\n<p>&nbsp;<\/p>\n<p>&nbsp;<\/p>\n<p>&nbsp;<\/p>\n<p>&nbsp;<\/p>\n<p>&nbsp;<\/p>\n<p>&nbsp;<\/p>\n<p>&nbsp;<\/td>\n<td style=\"width: 14.5133%;\">Previsto<\/td>\n<\/tr>\n<\/tbody>\n<\/table>\n<p><span style=\"color: #000080;\"><strong>ATIVIDADES AP\u00d3S O EVENTO<\/strong><\/span><\/p>\n<table>\n<tbody>\n<tr>\n<td><strong>ATIVIDADE AP\u00d3S O EVENTO<\/strong><\/td>\n<td><strong>RESPONS\u00c1VEL<\/strong><\/td>\n<td><strong>SITUA\u00c7\u00c3O<\/strong><\/td>\n<\/tr>\n<tr>\n<td>Ajuste na p\u00e1gina do Facebook<\/td>\n<td>Vanessa<\/td>\n<td>Previsto<\/td>\n<\/tr>\n<tr>\n<td><strong>Editar v\u00eddeo do evento e fazer recortes (in\u00edcio e final) para postagem<\/strong><\/td>\n<td>Cleber<\/td>\n<td>Previsto<\/td>\n<\/tr>\n<tr>\n<td>Recortes das falas dos candidatos<\/td>\n<td><\/td>\n<td>Previsto<\/td>\n<\/tr>\n<tr>\n<td>Elaborar texto de divulga\u00e7\u00e3o do evento realizado no formato Twiter<\/td>\n<td>Milit\u00e2ncia<\/td>\n<td>Previsto<\/td>\n<\/tr>\n<tr>\n<td>Elaborar texto de divulga\u00e7\u00e3o do evento realizado no formato Whatsapp\/Facebook<\/td>\n<td>Wilson<\/td>\n<td>Previsto<\/td>\n<\/tr>\n<tr>\n<td>Elaborar texto de divulga\u00e7\u00e3o do evento realizado no formato Site da Milit\u00e2ncia<\/td>\n<td>Cleber<\/td>\n<td>Previsto<\/td>\n<\/tr>\n<\/tbody>\n<\/table>\n<p>&nbsp;<\/p>\n","protected":false},"excerpt":{"rendered":"<p> <a class=\"more-link\" href=\"https:\/\/pt.praxis.pro.br\/index.php\/dia-31-07-as-9h-teremos-a-presenca-de-ana-claudia-meira-no-projeto-vamos-conhecer-nossasas-pre-candidatasos-do-pt-es\/\">Leia mais&#8230; &raquo;<\/a><\/p>\n","protected":false},"author":1,"featured_media":0,"parent":0,"menu_order":0,"comment_status":"closed","ping_status":"closed","template":"","meta":{"footnotes":""},"class_list":["post-1938","page","type-page","status-publish","hentry"],"_links":{"self":[{"href":"https:\/\/pt.praxis.pro.br\/index.php\/wp-json\/wp\/v2\/pages\/1938","targetHints":{"allow":["GET"]}}],"collection":[{"href":"https:\/\/pt.praxis.pro.br\/index.php\/wp-json\/wp\/v2\/pages"}],"about":[{"href":"https:\/\/pt.praxis.pro.br\/index.php\/wp-json\/wp\/v2\/types\/page"}],"author":[{"embeddable":true,"href":"https:\/\/pt.praxis.pro.br\/index.php\/wp-json\/wp\/v2\/users\/1"}],"replies":[{"embeddable":true,"href":"https:\/\/pt.praxis.pro.br\/index.php\/wp-json\/wp\/v2\/comments?post=1938"}],"version-history":[{"count":9,"href":"https:\/\/pt.praxis.pro.br\/index.php\/wp-json\/wp\/v2\/pages\/1938\/revisions"}],"predecessor-version":[{"id":1963,"href":"https:\/\/pt.praxis.pro.br\/index.php\/wp-json\/wp\/v2\/pages\/1938\/revisions\/1963"}],"wp:attachment":[{"href":"https:\/\/pt.praxis.pro.br\/index.php\/wp-json\/wp\/v2\/media?parent=1938"}],"curies":[{"name":"wp","href":"https:\/\/api.w.org\/{rel}","templated":true}]}}