{"id":1600,"date":"2022-05-24T23:27:47","date_gmt":"2022-05-25T02:27:47","guid":{"rendered":"https:\/\/pt.praxis.pro.br\/?page_id=1600"},"modified":"2022-08-22T17:07:10","modified_gmt":"2022-08-22T20:07:10","slug":"projeto-vamos-conhecer-nossos-pre-candidatos-do-pt-es","status":"publish","type":"page","link":"https:\/\/pt.praxis.pro.br\/index.php\/projeto-vamos-conhecer-nossos-pre-candidatos-do-pt-es\/","title":{"rendered":"Projeto Vamos Conhecer nossas(os) candidatas(os) do PT-ES"},"content":{"rendered":"<p>\ud83d\udea9 J\u00e1 iniciamos os contatos com os pr\u00e9-candidatos do PT-ES e <strong>alguns j\u00e1 confirmaram sua participa\u00e7\u00e3o<\/strong>. Ser\u00e3o convidados: C\u00e9lia Tavares, Mauricio Abdala, Helder Salom\u00e3o, Iriny Lopes, Reinaldo Centroducati, Roberto Carlos, Contarato e os demais que forem se apresentando ao longo do per\u00edodo.<\/p>\n<p>\ud83d\udea9\u00a0<a href=\"https:\/\/pt.praxis.pro.br\/index.php\/dia-28-08-as-9h-teremos-a-presenca-de-ivo-lopes-no-projeto-vamos-conhecer-nossasas-pre-candidatasos-do-pt-es\/\">Dia 28\/08 \u00e0s 9h teremos a presen\u00e7a de <strong>Mandato Coletivo<\/strong> no Projeto \u201cVamos Conhecer nossos candidatos do PT-ES\u201d<\/a><\/p>\n<p><a href=\"https:\/\/pt.praxis.pro.br\/index.php\/dia-31-07-as-9h-teremos-a-presenca-de-ana-claudia-meira-no-projeto-vamos-conhecer-nossasas-pre-candidatasos-do-pt-es\/\">\ud83d\udea9 Dia 31\/07 \u00e0s 9h teremos a presen\u00e7a de <strong>Iriny Lopes<\/strong>, no Projeto \u201cVamos Conhecer nossas pr\u00e9-candidatas do PT-ES\u201d<\/a><\/p>\n<p>\ud83d\udea9 <a href=\"https:\/\/pt.praxis.pro.br\/index.php\/dia-17-07-as-9h-teremos-a-presenca-de-ana-claudia-meira-no-projeto-vamos-conhecer-nossasas-pre-candidatasos-do-pt-es\/\">Dia 17\/07 \u00e0s 9h teremos a presen\u00e7a de <strong>Ana Cl\u00e1udia<\/strong>, no projeto &#8220;Vamos Conhecer Nossas pr\u00e9-candidatas do PT-ES&#8221;<\/a><\/p>\n<p>\ud83d\udea9\u00a0<a href=\"https:\/\/pt.praxis.pro.br\/index.php\/dia-03-07-as-9h-teremos-a-presenca-de-reinaldo-centroducatte-no-projeto-vamos-conhecer-nossasas-pre-candidatasos-do-pt-es\/\">Dia 03\/07 \u00e0s 9h teremos a presen\u00e7a de <strong>Reinaldo Centoducatte<\/strong> no Projeto \u201cVamos Conhecer nossos pr\u00e9-candidatos do PT-ES\u201d<\/a><\/p>\n<p>\ud83d\udea9 <a href=\"https:\/\/pt.praxis.pro.br\/index.php\/dia-19-06-as-9h-teremos-a-presenca-de-roberto-carlos-no-projeto-vamos-conhecer-nossasas-pre-candidatasos-do-pt-es\/\">Dia 19\/06 \u00e0s 9h teremos a presen\u00e7a de <strong>Roberto Carlos<\/strong> no Projeto \u201cVamos Conhecer nossos pr\u00e9-candidatas(os) do PT-ES\u201d<\/a><\/p>\n<p>\ud83d\udea9\u00a0<a href=\"https:\/\/pt.praxis.pro.br\/index.php\/projeto-vamos-conhecer-nossos-candidatos-com-a-presenca-de-mauricio-abdalla-pre-candidato-a-deputado-estadual-pt-es\/\">Dia 05\/06 \u00e0s 9h teremos a presen\u00e7a de <strong>Maur\u00edcio Abdalla<\/strong> no Projeto \u201cVamos Conhecer nossos pr\u00e9-candidatas(os) do PT-ES\u201d<\/a><\/p>\n<p>\ud83d\udea9<a href=\"https:\/\/pt.praxis.pro.br\/index.php\/2022\/05\/15\/dia-22-05-as-9h-teremos-a-presenca-de-celia-tavares-no-projeto-vamos-conhecer-nossasas-pre-candidatasos-do-pt\/\">Dia 22\/05 \u00e0s 9h teremos a presen\u00e7a de <strong>C\u00e9lia Tavares<\/strong> no projeto \u201cVamos Conhecer nossas pr\u00e9-candidatas(os) do PT-ES\u201d<\/a><\/p>\n<p>&nbsp;<\/p>\n<p>Nos eventos, abriremos espa\u00e7o para que os <strong>pr\u00e9-candidatos se apresentem<\/strong> e para que os nossos <strong>militantes e simpatizantes tirem suas d\u00favidas<\/strong> e enviem suas sugest\u00f5es para os programas de trabalho e governo, al\u00e9m de tratarmos das <strong>estrat\u00e9gias de engajamento dos militantes<\/strong> nas campanhas eleitorais nacionais e estaduais deste ano.<\/p>\n<p>\ud83d\udea9 <strong>ATEN\u00c7\u00c3O: Cada pr\u00e9-candidato ter\u00e1 um dia espec\u00edfico para sua apresenta\u00e7\u00e3o<\/strong>, portanto ser\u00e3o v\u00e1rios eventos, uma data para cada pr\u00e9-candidato. O projeto ent\u00e3o precisar\u00e1 de muito empenho da milit\u00e2ncia!<\/p>\n<p><strong>Teremos v\u00e1rias atividades para serem realizadas por nossa milit\u00e2ncia<\/strong>, de forma a viabilizarmos o projeto, tais como:<\/p>\n<p><strong>\ud83c\udfaf ATIVIDADES DO PROJETO<\/strong><\/p>\n<p>\u2611\ufe0f ATIVIDADES PARA ENGAJAMENTO DA MILIT\u00c2NCIA:<br \/>\n&#8211; Entrar em contato com os militantes e convidar a participar de uma das atividades relacionadas abaixo;<\/p>\n<p>\u2611\ufe0f ATIVIDADES DE PREPARA\u00c7\u00c3O PARA CADA EVENTO:<br \/>\n&#8211; Log\u00edstica (reserva de espa\u00e7o, equipamentos de \u00e1udio e v\u00eddeo, etc);<br \/>\n&#8211; Elabora\u00e7\u00e3o de material de divulga\u00e7\u00e3o (elabora\u00e7\u00e3o de cartazes, textos, imagens, v\u00eddeos, etc.);<br \/>\n&#8211; Divulga\u00e7\u00e3o em redes sociais (Whatsapp, Facebook, Twitter, Instagram, Youtube, etc;<\/p>\n<p>\u2611\ufe0f ATIVIDADES NO DIA DE CADA EVENTO:<br \/>\n&#8211; Recep\u00e7\u00e3o;<br \/>\n&#8211; Media\u00e7\u00e3o;<br \/>\n&#8211; Elabora\u00e7\u00e3o de ata;<br \/>\n&#8211; Elabora\u00e7\u00e3o de textos de divulga\u00e7\u00e3o;<br \/>\n&#8211; Fotos;<br \/>\n&#8211; Transmiss\u00e3o em canal do Youtube da <strong>Vila PT -TV<\/strong>;<\/p>\n<p>\u2611\ufe0f ATIVIDADES AP\u00d3S A CONCLUS\u00c3O DO EVENTO:<br \/>\n&#8211; Edi\u00e7\u00e3o de \u00e1udio e v\u00eddeo;<br \/>\n&#8211; Divulga\u00e7\u00e3o do evento realizado;<\/p>\n<p><strong>\ud83d\udea9 ATEN\u00c7\u00c3O, MILITANTE!&#8221;\ud83d\udea9<\/strong><\/p>\n<p>1 &#8211; Identifique acima <strong>qual das atividade voc\u00ea pode ajudar e informe no grupo do Whatsapp<\/strong>, para iniciarmos os trabalhos.<\/p>\n<p>2 &#8211; Participe das reuni\u00f5es de planejamento.<\/p>\n<p>Precisaremos contar com a participa\u00e7\u00e3o de cada companheiro da nossa milit\u00e2ncia, de forma a se responsabilizarem por uma das atividades.<\/p>\n<p><strong>\ud83d\udea9O sucesso do projeto depender\u00e1 de todos e todas!\ud83d\udea9<\/strong><\/p>\n","protected":false},"excerpt":{"rendered":"<p> <a class=\"more-link\" href=\"https:\/\/pt.praxis.pro.br\/index.php\/projeto-vamos-conhecer-nossos-pre-candidatos-do-pt-es\/\">Leia mais&#8230; &raquo;<\/a><\/p>\n","protected":false},"author":1,"featured_media":1473,"parent":0,"menu_order":0,"comment_status":"closed","ping_status":"closed","template":"","meta":{"footnotes":""},"class_list":["post-1600","page","type-page","status-publish","has-post-thumbnail","hentry"],"_links":{"self":[{"href":"https:\/\/pt.praxis.pro.br\/index.php\/wp-json\/wp\/v2\/pages\/1600","targetHints":{"allow":["GET"]}}],"collection":[{"href":"https:\/\/pt.praxis.pro.br\/index.php\/wp-json\/wp\/v2\/pages"}],"about":[{"href":"https:\/\/pt.praxis.pro.br\/index.php\/wp-json\/wp\/v2\/types\/page"}],"author":[{"embeddable":true,"href":"https:\/\/pt.praxis.pro.br\/index.php\/wp-json\/wp\/v2\/users\/1"}],"replies":[{"embeddable":true,"href":"https:\/\/pt.praxis.pro.br\/index.php\/wp-json\/wp\/v2\/comments?post=1600"}],"version-history":[{"count":13,"href":"https:\/\/pt.praxis.pro.br\/index.php\/wp-json\/wp\/v2\/pages\/1600\/revisions"}],"predecessor-version":[{"id":2069,"href":"https:\/\/pt.praxis.pro.br\/index.php\/wp-json\/wp\/v2\/pages\/1600\/revisions\/2069"}],"wp:featuredmedia":[{"embeddable":true,"href":"https:\/\/pt.praxis.pro.br\/index.php\/wp-json\/wp\/v2\/media\/1473"}],"wp:attachment":[{"href":"https:\/\/pt.praxis.pro.br\/index.php\/wp-json\/wp\/v2\/media?parent=1600"}],"curies":[{"name":"wp","href":"https:\/\/api.w.org\/{rel}","templated":true}]}}