{"id":1582,"date":"2022-05-24T19:57:40","date_gmt":"2022-05-24T22:57:40","guid":{"rendered":"https:\/\/pt.praxis.pro.br\/?page_id=1582"},"modified":"2022-06-07T11:49:52","modified_gmt":"2022-06-07T14:49:52","slug":"projeto-vamos-conhecer-nossos-candidatos-com-a-presenca-de-mauricio-abdalla-pre-candidato-a-deputado-estadual-pt-es","status":"publish","type":"page","link":"https:\/\/pt.praxis.pro.br\/index.php\/projeto-vamos-conhecer-nossos-candidatos-com-a-presenca-de-mauricio-abdalla-pre-candidato-a-deputado-estadual-pt-es\/","title":{"rendered":"Dia 05\/06 \u00e0s 9h teremos a presen\u00e7a de Maur\u00edcio Abdalla no Projeto &#8220;Vamos Conhecer nossas(as) pr\u00e9-candidatas(os) do PT-ES&#8221;"},"content":{"rendered":"<p style=\"text-align: center;\"><strong>\u00a0No projeto Vamos conhecer nossas candidatas, teremos a presen\u00e7a de<\/strong><\/p>\n<p style=\"text-align: center;\"><strong>\ud83d\udfe2\ud83d\udfe2 Maur\u00edcio Abdalla \u2013 Pr\u00e9-candidato a Deputado Estadual \u2013 PT\/ES \ud83d\udfe2\ud83d\udfe2<\/strong><\/p>\n<p style=\"text-align: center;\"><strong>DATA DO EVENTO: 05\/06<\/strong><\/p>\n<p><iframe loading=\"lazy\" title=\"Maur\u00edcio Abdalla - Pr\u00e9-candidato a Deputado Estadual - PT\/ES (v\u00eddeo editado)\" width=\"780\" height=\"585\" src=\"https:\/\/www.youtube.com\/embed\/wrjSKuEIZCE?feature=oembed\" frameborder=\"0\" allow=\"accelerometer; autoplay; clipboard-write; encrypted-media; gyroscope; picture-in-picture\" allowfullscreen><\/iframe><\/p>\n<p style=\"text-align: center;\">** Evento presencial com transmiss\u00e3o simult\u00e2nea pelo canal <a href=\"https:\/\/youtube.com\/VilaPT\"><strong>https:\/\/youtube.com\/VilaPT<\/strong><\/a> **<\/p>\n<p>&nbsp;<\/p>\n<p><span style=\"color: #000080;\"><strong>ATIVIDADES DE PREPARA\u00c7\u00c3O PARA O EVENTO<\/strong><\/span><\/p>\n<table style=\"width: 100%; height: 1328px;\">\n<tbody>\n<tr style=\"height: 19px;\">\n<td style=\"height: 19px;\"><strong>ATIVIDADES ANTES DO EVENTO<\/strong><\/td>\n<td style=\"height: 19px;\"><strong>RESPONS\u00c1VEL<\/strong><\/td>\n<td style=\"height: 19px;\"><strong>SITUA\u00c7\u00c3O<\/strong><\/td>\n<\/tr>\n<tr style=\"height: 19px;\">\n<td style=\"height: 19px;\"><strong>Confirmar a participa\u00e7\u00e3o do Pr\u00e9-Candidato:<\/strong> <strong>Maur\u00edcio Abdalla<\/strong><\/td>\n<td style=\"height: 19px;\">Wilson<\/td>\n<td style=\"height: 19px;\"><span style=\"color: #008000;\">Ok<\/span><\/td>\n<\/tr>\n<tr style=\"height: 176px;\">\n<td style=\"height: 176px;\"><strong>Agendar o local<\/strong> ( Audit\u00f3rio do centro de forma\u00e7\u00e3o \u201c<strong>Martina Tolone<\/strong>\u201d, Prainha \/ Vila Velha \u2013 ES)<\/p>\n<ul>\n<li>verificar quantas mesas, cadeiras e capacidade de pessoas para o local;<\/li>\n<li>verificar se h\u00e1 Internet dispon\u00edvel<\/li>\n<li>verificar se h\u00e1 equipamento de som dispon\u00edvel (microfone, caixa de som)<\/li>\n<li>verificar se h\u00e1 bebedouro e condi\u00e7\u00f5es de banheiros<\/li>\n<li>verificar acessibilidade do local<\/li>\n<\/ul>\n<\/td>\n<td style=\"height: 176px;\">Dari<\/td>\n<td style=\"height: 176px;\"><span style=\"color: #008000;\">Ok<\/span><\/td>\n<\/tr>\n<tr style=\"height: 79px;\">\n<td style=\"height: 79px;\"><strong>Agendar a pr\u00f3xima reuni\u00e3o de coordena\u00e7\u00e3o<\/strong>\u00a0do evento<\/p>\n<ul>\n<li>30\/maio &#8211; 19h<\/li>\n<\/ul>\n<\/td>\n<td style=\"height: 79px;\">Cleber<\/td>\n<td style=\"height: 79px;\"><span style=\"color: #008000;\">Ok<\/span><\/td>\n<\/tr>\n<tr style=\"height: 19px;\">\n<td style=\"height: 19px;\"><strong>Elabora\u00e7\u00e3o de Card\u00a0do evento: <\/strong>formato para o\u00a0Whatsapp\u00a01200 x 1800<\/td>\n<td style=\"height: 19px;\">Williams<\/td>\n<td style=\"height: 19px;\"><span style=\"color: #008000;\">Ok<\/span><\/td>\n<\/tr>\n<tr style=\"height: 79px;\">\n<td style=\"height: 79px;\"><strong>Elabora\u00e7\u00e3o de\u00a0texto para convidar para o evento\u00a0\u2013 formato\u00a0Whatsapp<\/strong><\/p>\n<ul>\n<li>Enviar texto de convite para evento nos grupos do Whatsaapp<\/li>\n<\/ul>\n<\/td>\n<td style=\"height: 79px;\"><\/td>\n<td style=\"height: 79px;\"><span style=\"color: #993300;\"> <span style=\"color: #008000;\">Ok<\/span><\/span><\/td>\n<\/tr>\n<tr style=\"height: 19px;\">\n<td style=\"height: 19px;\"><strong>Enviar card<\/strong>\u00a0de convite para evento\u00a0<strong>nos grupos do Whatsaapp<\/strong><\/td>\n<td style=\"height: 19px;\"><\/td>\n<td style=\"height: 19px;\"><span style=\"color: #008000;\">Ok<\/span><\/td>\n<\/tr>\n<tr style=\"height: 19px;\">\n<td style=\"height: 19px;\"><strong>Elabora\u00e7\u00e3o de Card<\/strong>\u00a0do evento: formato para o\u00a0<strong>Youtube<\/strong>\u00a01280 x 720<\/td>\n<td style=\"height: 19px;\">Cleber<\/td>\n<td style=\"height: 19px;\"><span style=\"color: #008000;\">Ok<\/span><\/td>\n<\/tr>\n<tr style=\"height: 19px;\">\n<td style=\"height: 19px;\"><strong>Agendar transmiss\u00e3o no canal<\/strong> do Youtube.com\/VilaPT<\/td>\n<td style=\"height: 19px;\">Cleber<\/td>\n<td style=\"height: 19px;\"><span style=\"color: #008000;\">Ok<\/span><\/td>\n<\/tr>\n<tr style=\"height: 137px;\">\n<td style=\"height: 137px;\">Enviar material para\u00a0<strong>engajamento de milit\u00e2ncia<\/strong>, para Jonat\u00e3 e Margot, Marilza<\/p>\n<ul>\n<li>Solicitar aos companheiras(os)\u00a0 que:\n<ul>\n<li><b><\/b>entrem contato com o pessoal do n\u00facleo, um por um, para convidar para ajudar no evento<\/li>\n<li>fa\u00e7am uma listagem com os confirmados<\/li>\n<\/ul>\n<\/li>\n<\/ul>\n<\/td>\n<td style=\"height: 137px;\">Cleber<\/td>\n<td style=\"height: 137px;\"><span style=\"color: #993300;\">Pendente<\/span><\/td>\n<\/tr>\n<tr style=\"height: 19px;\">\n<td style=\"height: 19px;\"><strong>Corpo-a-corpo de engajamento<\/strong>\u00a0de militantes<\/td>\n<td style=\"height: 19px;\"><span style=\"color: #993300;\">Todos<\/span><\/td>\n<td style=\"height: 19px;\"><span style=\"color: #993300;\">Pendente<\/span><\/td>\n<\/tr>\n<tr style=\"height: 39px;\">\n<td style=\"height: 39px;\"><span style=\"color: #993300;\">Estabelecer meta de que cada militante leve, no m\u00ednimo, mais 5 militantes\/simpatizantes para o evento<\/span><\/td>\n<td style=\"height: 39px;\"><span style=\"color: #993300;\">Todos<\/span><\/td>\n<td style=\"height: 39px;\"><span style=\"color: #993300;\">Pendente<\/span><\/td>\n<\/tr>\n<tr style=\"height: 19px;\">\n<td style=\"height: 19px;\">Elaborar e imprimir\u00a0<strong>lista de presen\u00e7as<\/strong><\/td>\n<td style=\"height: 19px;\">Vanessa<\/td>\n<td style=\"height: 19px;\"><span style=\"color: #993300;\">Pendente<\/span><\/td>\n<\/tr>\n<tr style=\"height: 98px;\">\n<td style=\"height: 98px;\"><strong>Reservar material de expediente<\/strong>:<\/p>\n<ul>\n<li>l\u00e1pis, caneta, papel em branco, bloco de anota\u00e7\u00f5es, grampeador, fita adesiva, prancheta e cord\u00e3o para prender canetas nas pranchetas<\/li>\n<\/ul>\n<\/td>\n<td style=\"height: 98px;\">Vanessa<\/td>\n<td style=\"height: 98px;\"><span style=\"color: #008000;\">Ok<\/span><\/td>\n<\/tr>\n<tr style=\"height: 98px;\">\n<td style=\"height: 98px;\">Reservar\u00a0<strong>material para transmiss\u00e3o pelo Youtube<\/strong><\/p>\n<ul>\n<li>Notebook, internet, microfone de notebook, headset, extens\u00e3o el\u00e9trica, webcam, trip\u00e9, fita crepe<\/li>\n<\/ul>\n<\/td>\n<td style=\"height: 98px;\">Cleber<\/td>\n<td style=\"height: 98px;\"><span style=\"color: #008000;\">Ok<\/span><\/td>\n<\/tr>\n<tr style=\"height: 98px;\">\n<td style=\"height: 98px;\"><span style=\"color: #993300;\"><strong>Comes e bebes<\/strong>: consultar na milit\u00e2ncia quem poderia contribuir com o evento, levando algum dos itens abaixo:<\/span><\/p>\n<ul>\n<li>Caf\u00e9, \u00e1gua (<strong>Dari<\/strong>), refrigerante, suco, biscoito<\/li>\n<\/ul>\n<\/td>\n<td style=\"height: 98px;\">Lanche compartilhado<\/td>\n<td style=\"height: 98px;\"><span style=\"color: #993300;\">Pendente<\/span><\/td>\n<\/tr>\n<tr style=\"height: 137px;\">\n<td style=\"height: 137px;\"><span style=\"color: #993300;\"><strong>Na semana que antecede o evento:<\/strong><\/span><\/p>\n<ul>\n<li><span style=\"color: #993300;\">Reenviar convite do evento, 4 dias antes<\/span><\/li>\n<li><span style=\"color: #993300;\">Reenviar convite do evento, 3 dias antes<\/span><\/li>\n<li><span style=\"color: #993300;\">Reenviar convite do evento, 2 dia antes<\/span><\/li>\n<li><span style=\"color: #993300;\">Reenviar convite do evento, 1 dia antes<\/span><\/li>\n<\/ul>\n<\/td>\n<td style=\"height: 137px;\"><span style=\"color: #993300;\">Todos<\/span><\/td>\n<td style=\"height: 137px;\"><span style=\"color: #993300;\">Pendente<\/span><\/td>\n<\/tr>\n<tr style=\"height: 79px;\">\n<td style=\"height: 79px;\"><span style=\"color: #993300;\">Comentar sobre o evento no grupo do zap do PT<\/span><\/p>\n<ul>\n<li>1 vez por dia, entrar e comentar<\/li>\n<\/ul>\n<\/td>\n<td style=\"height: 79px;\"><span style=\"color: #993300;\">Todos<\/span><\/td>\n<td style=\"height: 79px;\"><span style=\"color: #993300;\">Pendente<\/span><\/td>\n<\/tr>\n<tr style=\"height: 19px;\">\n<td style=\"height: 19px;\">Convidar artista (Tobi Gil) para momento cultural<\/td>\n<td style=\"height: 19px;\">Wilson Co\u00ealho<\/td>\n<td style=\"height: 19px;\"><span style=\"color: #008000;\">Ok<\/span><\/td>\n<\/tr>\n<tr style=\"height: 137px;\">\n<td style=\"height: 137px;\"><strong>Exposi\u00e7\u00e3o de produtos da milit\u00e2ncia de esquerda:<\/strong><\/p>\n<ul>\n<li>Livros (Wilson Co\u00ealho, Andr\u00e9 Serrano, Emerson Sbardelotti)<\/li>\n<li>Camisas, bon\u00e9s e bandeiras (MST, Esquerda de Neg\u00f3cios)<\/li>\n<li>Brindes<\/li>\n<li>Comidas<\/li>\n<\/ul>\n<\/td>\n<td style=\"height: 137px;\">Cleber<\/td>\n<td style=\"height: 137px;\"><span style=\"color: #008000;\">Ok<\/span><\/td>\n<\/tr>\n<\/tbody>\n<\/table>\n<p>&nbsp;<\/p>\n<p><span style=\"color: #000080;\"><strong>ATIVIDADES NO DIA DO EVENTO<\/strong><\/span><\/p>\n<table style=\"width: 100%;\">\n<tbody>\n<tr>\n<td style=\"width: 62.1239%;\"><strong>ATIVIDADES DURANTE O EVENTO<\/strong><\/td>\n<td style=\"width: 21.9469%;\"><strong>RESPONS\u00c1VEL<\/strong><\/td>\n<td style=\"width: 14.5133%;\"><strong>SITUA\u00c7\u00c3O<\/strong><\/td>\n<\/tr>\n<tr>\n<td style=\"width: 62.1239%;\"><strong>Organizar mesa com listas de presen\u00e7a na entrada, com canetas presas em pranchetas<\/strong><\/p>\n<ul>\n<li>Recolher lista de presen\u00e7a ao final do evento<\/li>\n<\/ul>\n<\/td>\n<td style=\"width: 21.9469%;\">Margot, L\u00facia<\/td>\n<td style=\"width: 14.5133%;\">Previsto<\/td>\n<\/tr>\n<tr>\n<td style=\"width: 62.1239%;\"><strong>Organizar mesa de comes e bebes<\/strong><\/p>\n<ul>\n<li>Recolher material ao final do evento<\/li>\n<\/ul>\n<\/td>\n<td style=\"width: 21.9469%;\">Silvana, Marilda, L\u00facia<\/td>\n<td style=\"width: 14.5133%;\">Previsto<\/td>\n<\/tr>\n<tr>\n<td style=\"width: 62.1239%;\"><strong>Organizar mesa de transmiss\u00e3o do Youtube<\/strong><\/p>\n<ul>\n<li>Recolher material ao final do evento<\/li>\n<\/ul>\n<\/td>\n<td style=\"width: 21.9469%;\">Cleber<\/td>\n<td style=\"width: 14.5133%;\">Previsto<\/td>\n<\/tr>\n<tr>\n<td style=\"width: 62.1239%;\"><strong>Disponibilizar pranchetas para respons\u00e1veis por recolher perguntas do Youtube<\/strong><\/p>\n<ul>\n<li>Anotar perguntas em caso de participantes com necessidades especiais<\/li>\n<li>Ajudar a escrever a pergunta<\/li>\n<li>Guardar as perguntas ao final do evento e entregar \u00e0 coordena\u00e7\u00e3o<\/li>\n<\/ul>\n<\/td>\n<td style=\"width: 21.9469%;\">Margot e Vanessa<\/td>\n<td style=\"width: 14.5133%;\">Previsto<\/td>\n<\/tr>\n<tr>\n<td style=\"width: 62.1239%;\"><strong>Elaborar mat\u00e9ria (texto) sobre o evento<\/strong><\/p>\n<ul>\n<li>Ao final (ou ap\u00f3s revis\u00e3o posterior), enviar para a coordena\u00e7\u00e3o para divulga\u00e7\u00e3o nas redes sociais<\/li>\n<\/ul>\n<\/td>\n<td style=\"width: 21.9469%;\">Don Jon<\/p>\n<p>(revis\u00e3o Wilson)<\/td>\n<td style=\"width: 14.5133%;\">Previsto<\/td>\n<\/tr>\n<tr>\n<td style=\"width: 62.1239%;\"><strong>Fotografar o evento<\/strong><\/p>\n<ul>\n<li>Postar nas redes social da Milit\u00e2ncia e do PT<\/li>\n<li>Ao final (ou ap\u00f3s revis\u00e3o posterior), enviar para a coordena\u00e7\u00e3o para divulga\u00e7\u00e3o nas demais redes sociais<\/li>\n<\/ul>\n<\/td>\n<td style=\"width: 21.9469%;\">Evaristo<\/td>\n<td style=\"width: 14.5133%;\">Previsto<\/td>\n<\/tr>\n<tr>\n<td style=\"width: 62.1239%;\"><strong>Anotar perguntas feitas pelo chat do Youtube<\/strong><\/td>\n<td style=\"width: 21.9469%;\">Margot e Vanessa<\/td>\n<td style=\"width: 14.5133%;\">Previsto<\/td>\n<\/tr>\n<tr>\n<td style=\"width: 62.1239%;\"><strong>Coordena\u00e7\u00e3o dos trabalhos =&gt;<\/strong><\/p>\n<p><strong>OBS<\/strong>: Controlar o cronograma\u00a0do evento (falas da coordena\u00e7\u00e3o, candidatas e equipe)<\/p>\n<p><strong>** ROTEIRO DO EVENTO **<\/strong><\/p>\n<ul>\n<li><strong>Momento cultural<\/strong> com\u00a0<strong> Tob Gil<\/strong> (apresentar o artista)<\/li>\n<li>Convidar o candidato e demais componentes da mesa.<\/li>\n<li>Passar a fala ao respons\u00e1vel pela <strong>Fala da Coordena\u00e7\u00e3o (Dari)<\/strong> &#8211; 3 min.\n<ul>\n<li>O que \u00e9 o projeto<\/li>\n<li>A import\u00e2ncia de participar nos eventos presenciais e virtuais<\/li>\n<\/ul>\n<\/li>\n<li>Passar a fala ao respons\u00e1vel pela<strong> Fala da Capacita\u00e7\u00e3o (Wilson Co\u00ealho) &#8211; 13 min.<\/strong>\n<ul>\n<li><strong>Tema<\/strong> \u201cArte: milit\u00e2ncia, resist\u00eancia e transforma\u00e7\u00e3o da sociedade\u201d<\/li>\n<\/ul>\n<\/li>\n<li>Passar a fala ao <strong>candidato (Maur\u00edcio Abdalla)<\/strong>\n<ul>\n<li><strong>Parte 1<\/strong>:\n<ul>\n<li>candidato fala sobre ele (quem \u00e9, de onde, atua\u00e7\u00e3o pol\u00edtica, experi\u00eancia, propostas de trabalho, etc)<\/li>\n<\/ul>\n<\/li>\n<li><strong>Parte 2<\/strong>:\n<ul>\n<li>an\u00e1lise do cen\u00e1rio pol\u00edtico<\/li>\n<li>import\u00e2ncia da milit\u00e2ncia,<\/li>\n<li>como militar no PT e<\/li>\n<li>como militar na campanha da candidata<\/li>\n<\/ul>\n<\/li>\n<li><strong>Parte 3:<\/strong>\n<ul>\n<li>Perguntas da plateia e do Youtube e respostas do candidato<\/li>\n<\/ul>\n<\/li>\n<\/ul>\n<\/li>\n<li>Solicitar as\u00a0<strong>considera\u00e7\u00f5es finais<\/strong> do\u00a0<strong>candidato<\/strong><\/li>\n<li><b>Fala final da\u00a0<\/b><b>coordena\u00e7\u00e3o\u00a0<\/b>(<b>10 min) (Dari)<\/b>\n<ul>\n<li><span style=\"font-family: inherit;\">refor\u00e7ar o projeto;<\/span><\/li>\n<li>convidar a milit\u00e2ncia para os trabalhos<\/li>\n<\/ul>\n<\/li>\n<li><strong>Fechamento do evento<\/strong><\/li>\n<\/ul>\n<\/td>\n<td style=\"width: 21.9469%;\">Luiz Carlos \/ Walqu\u00edria<\/p>\n<p>&nbsp;<\/p>\n<p>&nbsp;<\/p>\n<p>&nbsp;<\/p>\n<p>&nbsp;<\/p>\n<p>&nbsp;<\/p>\n<p>&nbsp;<\/p>\n<p>&nbsp;<\/p>\n<p>&nbsp;<\/p>\n<p>&nbsp;<\/p>\n<p>&nbsp;<\/p>\n<p>&nbsp;<\/p>\n<p>&nbsp;<\/p>\n<p>&nbsp;<\/td>\n<td style=\"width: 14.5133%;\">Previsto<\/td>\n<\/tr>\n<\/tbody>\n<\/table>\n<p><span style=\"color: #000080;\"><strong>ATIVIDADES AP\u00d3S O EVENTO<\/strong><\/span><\/p>\n<table>\n<tbody>\n<tr>\n<td><strong>ATIVIDADE AP\u00d3S O EVENTO<\/strong><\/td>\n<td><strong>RESPONS\u00c1VEL<\/strong><\/td>\n<td><strong>SITUA\u00c7\u00c3O<\/strong><\/td>\n<\/tr>\n<tr>\n<td>Ajuste na p\u00e1gina do Facebook<\/td>\n<td>Vanessa<\/td>\n<td>Previsto<\/td>\n<\/tr>\n<tr>\n<td><strong>Editar v\u00eddeo do evento e fazer recortes (in\u00edcio e final) para postagem<\/strong><\/td>\n<td>Cleber<\/td>\n<td>Previsto<\/td>\n<\/tr>\n<tr>\n<td><strong>Recortes das falas dos candidatos<\/strong><\/td>\n<td>Evaristo<\/td>\n<td>Previsto<\/td>\n<\/tr>\n<tr>\n<td>Elaborar texto de divulga\u00e7\u00e3o do evento realizado no formato Twiter<\/td>\n<td>Milit\u00e2ncia<\/td>\n<td>Previsto<\/td>\n<\/tr>\n<tr>\n<td>Elaborar texto de divulga\u00e7\u00e3o do evento realizado no formato Whatsapp<\/td>\n<td>Milit\u00e2ncia<\/td>\n<td>Previsto<\/td>\n<\/tr>\n<tr>\n<td>Elaborar texto de divulga\u00e7\u00e3o do evento realizado no formato Facebook<\/td>\n<td>Wilson<\/td>\n<td>Previsto<\/td>\n<\/tr>\n<tr>\n<td>Elaborar texto de divulga\u00e7\u00e3o do evento realizado no formato Site da Milit\u00e2ncia<\/td>\n<td>Cleber<\/td>\n<td>Previsto<\/td>\n<\/tr>\n<\/tbody>\n<\/table>\n<p>&nbsp;<\/p>\n","protected":false},"excerpt":{"rendered":"<p> <a class=\"more-link\" href=\"https:\/\/pt.praxis.pro.br\/index.php\/projeto-vamos-conhecer-nossos-candidatos-com-a-presenca-de-mauricio-abdalla-pre-candidato-a-deputado-estadual-pt-es\/\">Leia mais&#8230; &raquo;<\/a><\/p>\n","protected":false},"author":1,"featured_media":1578,"parent":0,"menu_order":0,"comment_status":"closed","ping_status":"closed","template":"","meta":{"footnotes":""},"class_list":["post-1582","page","type-page","status-publish","has-post-thumbnail","hentry"],"_links":{"self":[{"href":"https:\/\/pt.praxis.pro.br\/index.php\/wp-json\/wp\/v2\/pages\/1582","targetHints":{"allow":["GET"]}}],"collection":[{"href":"https:\/\/pt.praxis.pro.br\/index.php\/wp-json\/wp\/v2\/pages"}],"about":[{"href":"https:\/\/pt.praxis.pro.br\/index.php\/wp-json\/wp\/v2\/types\/page"}],"author":[{"embeddable":true,"href":"https:\/\/pt.praxis.pro.br\/index.php\/wp-json\/wp\/v2\/users\/1"}],"replies":[{"embeddable":true,"href":"https:\/\/pt.praxis.pro.br\/index.php\/wp-json\/wp\/v2\/comments?post=1582"}],"version-history":[{"count":24,"href":"https:\/\/pt.praxis.pro.br\/index.php\/wp-json\/wp\/v2\/pages\/1582\/revisions"}],"predecessor-version":[{"id":1684,"href":"https:\/\/pt.praxis.pro.br\/index.php\/wp-json\/wp\/v2\/pages\/1582\/revisions\/1684"}],"wp:featuredmedia":[{"embeddable":true,"href":"https:\/\/pt.praxis.pro.br\/index.php\/wp-json\/wp\/v2\/media\/1578"}],"wp:attachment":[{"href":"https:\/\/pt.praxis.pro.br\/index.php\/wp-json\/wp\/v2\/media?parent=1582"}],"curies":[{"name":"wp","href":"https:\/\/api.w.org\/{rel}","templated":true}]}}