{"id":1288,"date":"2022-04-05T18:05:44","date_gmt":"2022-04-05T21:05:44","guid":{"rendered":"https:\/\/pt.praxis.pro.br\/?page_id=1288"},"modified":"2022-04-05T18:07:00","modified_gmt":"2022-04-05T21:07:00","slug":"projeto-do-pt-es-para-o-espirito-santo-pagina-completa","status":"publish","type":"page","link":"https:\/\/pt.praxis.pro.br\/index.php\/projeto-do-pt-es-para-o-espirito-santo-pagina-completa\/","title":{"rendered":"Projeto do PT-ES para o Esp\u00edrito Santo (p\u00e1gina completa)"},"content":{"rendered":"<p><img loading=\"lazy\" decoding=\"async\" class=\"wp-image-1080 alignleft\" src=\"https:\/\/ptvv.praxis.pro.br\/wp-content\/uploads\/2022\/03\/reconstruindo-1-190x300.png\" alt=\"\" width=\"135\" height=\"213\" srcset=\"https:\/\/pt.praxis.pro.br\/wp-content\/uploads\/2022\/03\/reconstruindo-1-190x300.png 190w, https:\/\/pt.praxis.pro.br\/wp-content\/uploads\/2022\/03\/reconstruindo-1.png 227w\" sizes=\"auto, (max-width: 135px) 100vw, 135px\" \/>Em fevereiro de 2022 o Partido dos Trabalhadores e das Trabalhadoras completou 42 anos de lutas junto com o povo brasileiro. No Esp\u00edrito Santo nossa hist\u00f3ria come\u00e7ou com a organiza\u00e7\u00e3o dos trabalhadores e trabalhadoras vinculados principalmente aos servi\u00e7os p\u00fablicos e aos grandes projetos industriais implantados no Estado entre os anos 1970-80. Tal investimento, chamado de \u201cmoderniza\u00e7\u00e3o econ\u00f4mica do Estado\u201d, ao longo do tempo, limitou-se a projetos de mobilidade de cargas e extrativismo (min\u00e9rio, celulose e portos) que mais tencionaram as pol\u00edticas p\u00fablicas dos munic\u00edpios e do estado do que trouxeram benef\u00edcios para a maioria da popula\u00e7\u00e3o. Privatizados os investimentos p\u00fablicos nos grandes projetos e, na sequ\u00eancia, as tentativas de desativa\u00e7\u00e3o da Petrobras e da privatiza\u00e7\u00e3o da CODESA, as elites locais n\u00e3o apresentam outro(s) projeto(s) que n\u00e3o sejam de preda\u00e7\u00e3o do Esp\u00edrito Santo. Nossa luta nestes 42 anos foi sempre contra a exclus\u00e3o da maioria aos bens produzidos pelo seu pr\u00f3prio trabalho. O que n\u00e3o significa que a opress\u00e3o \u00e9tnica, de g\u00eanero e a explora\u00e7\u00e3o do trabalho n\u00e3o existiam antes.<\/p>\n<p>Portanto, o PT se constituiu na luta dos povos oprimidos e contra a explora\u00e7\u00e3o do trabalho. Estes s\u00e3o os principais fundamentos para a formula\u00e7\u00e3o de um PROJETO\u00a0 PARA O ESP\u00cdRITO SANTO. Mas, \u00e9 necess\u00e1rio ampliar a escuta da base social e com ela tomar as decis\u00f5es. O Partido dos Trabalhadores e das Trabalhadoras est\u00e1 organizado com Diret\u00f3rios e tem algum funcionamento em cerca de 46 (?) munic\u00edpios, possui um vice-prefeito e 11 vereadores e vereadoras eleitos\/as em 2018. Uma Deputada Estadual, um Deputado Federal e um Senador da Rep\u00fablica. As mobiliza\u00e7\u00f5es internas em 2021 permitiram organizar em nosso Estado 16 (?) Setoriais em diversas \u00e1reas de interesse da sociedade e de atua\u00e7\u00e3o da milit\u00e2ncia do PT. Este deve ser nosso \u00edmpeto mobilizador para discutir entre n\u00f3s e com a sociedade o PROJETO PARA O ESP\u00cdRITO SANTO EM DEFESA DA VIDA. Portanto, do ponto de vista metodol\u00f3gico \u00e9 importante que tenhamos um momento de debate e colheita de proposi\u00e7\u00f5es nos Setoriais. E em seguida o debate p\u00fablico com a milit\u00e2ncia do PT, com as organiza\u00e7\u00f5es e partidos de esquerda organizados no Estado, com o conjunto dos Movimentos Sociais, as Universidades, os IFES e todos e todas que procuram uma alternativa ao projeto excludente das elites capixabas.<\/p>\n<p>A partir desta realidade devemos nos perguntar: \u201co que pode ser o Espirito Santo?\u201d a partir de um novo projeto hegem\u00f4nico, sob o ponto de vista e o controle das trabalhadoras e dos trabalhadores comprometidos com um PROJETO DE FUTURO MELHOR PARA TODAS E TODOS e protagonizado, principalmente, pelas JUVENTUDES do ES.<\/p>\n<p>Construir um PROJETO PARA O ESP\u00cdRITO SANTO EM DEFESA DA VIDA significa para o PT:<\/p>\n<p>Produzir uma cr\u00edtica ao estado neoliberal e suas consequ\u00eancias sobre as popula\u00e7\u00f5es trabalhadoras, para as das mulheres, dos negros, das juventudes, dos povos ind\u00edgenas, pessoas com defici\u00eancia e LGBTQIA+.<\/p>\n<p>Este Projeto deve ter como fim a organiza\u00e7\u00e3o da base social do Partido (e da esquerda estadual) para a consequente unidade na a\u00e7\u00e3o. Sua constitui\u00e7\u00e3o refor\u00e7a a identidade partid\u00e1ria junto \u00e0 sociedade capixaba reposicionando o partido no cen\u00e1rio pol\u00edtico do ES.\u00a0 Deve procurar cobrir um tempo hist\u00f3rico mais amplo que o per\u00edodo eleitoral, dando sentido hist\u00f3rico \u00e0s lutas de longo prazo e imediatas presentes nas reivindica\u00e7\u00f5es e organiza\u00e7\u00e3o dos movimentos das\/dos trabalhadores e trabalhadoras.<\/p>\n<p>Para isso, o PROJETO PARA O ESP\u00cdRITO SANTO deve fornecer os valores, a perspectiva e o sentido dos PROGRAMAS DE GOVERNO.<\/p>\n<p>POR UM PROJETO PARA O ESP\u00cdRITO SANTO EM DEFESA DA VIDA EM TODAS AS SUAS DIMENS\u00d5ES: dos mais vulner\u00e1veis e exclu\u00eddos, como negros, mulheres, povos ind\u00edgenas e pobres em geral e da juventude que n\u00e3o perspectiva futuro no seu pr\u00f3prio territ\u00f3rio. Nossa grande prioridade \u00e9 defender a vida de todas as amea\u00e7as, de tudo aquilo que a limita e reduz sua qualidade. Defend\u00ea-la incidindo sobre as pol\u00edticas que produzem a fome, o desemprego, o racismo, o machismo, os preconceitos de todas as esp\u00e9cies, o aniquilamento das culturas, das popula\u00e7\u00f5es tradicionais, o desmatamento, a falta de \u00e1gua, o envenenamento por agrot\u00f3xicos, as monoculturas e todos os desequil\u00edbrios ambientais. Defender a vida dos projetos autorit\u00e1rios, dos modelos econ\u00f4micos concentradores (de terra, de capital, de poder) de riquezas, do \u00f3dio e da mentira. A vida precisa ser defendida nas suas diversidades regionais, territoriais pois expressam diferentes riquezas e necessidades. Defender a vida \u00e9 produzir coletivamente um projeto de desenvolvimento que ofere\u00e7a educa\u00e7\u00e3o, sa\u00fade, prote\u00e7\u00e3o social, alimenta\u00e7\u00e3o, seguran\u00e7a, moradia, equil\u00edbrio ambiental, \u00e1gua em abund\u00e2ncia, saneamento b\u00e1sico, trabalho decente, democracia e mais direitos num ambiente de solidariedade e igualdade. Para o Partido dos Trabalhadores e das Trabalhadoras n\u00e3o haver\u00e1 democratiza\u00e7\u00e3o do Estado e das pol\u00edticas se seus fundamentos n\u00e3o forem radicalmente sustent\u00e1veis, igualit\u00e1rios, antirracistas, feministas e definidos pelo poder popular.<\/p>\n<p>Para construir este Projeto que defende a vida em todas as suas dimens\u00f5es vamos ouvir cada militante, cada Setorial e cada dirigente partid\u00e1rio neste primeiro momento. Em seguida realizaremos debates tem\u00e1ticos e regionais para ouvir cada cidad\u00e3o e cada cidad\u00e3 que queira contribuir com a constru\u00e7\u00e3o de um PROJETO QUE INVERTA AS PRIORIDADES DO DESENVOLVIMENTO, DOS INVESTIMENTOS, DA PARTICIPA\u00c7\u00c3O E DAS DECIS\u00d5ES NO ESP\u00cdRITO SANTO. \u00c9 neste sentido que disputamos a DIMENS\u00c3O DO FUTURO com o projeto neoliberal, com o fascismo, com os traidores e suas elites \u201carrumadinhas\u201d.<\/p>\n<p>Para realizar este PROJETO trataremos as pol\u00edticas de forma:<\/p>\n<p><strong>1) DEMOCR\u00c1TICA<\/strong>: todos e todas precisam ser ouvidos e ter o direito de decidir os melhores caminhos, isto \u00e9, uma a\u00e7\u00e3o coletiva pela democratiza\u00e7\u00e3o radical dos fundamentos do poder do Estado. Colocar sim o POVO no OR\u00c7AMENTO, mas, tamb\u00e9m no PODER;<\/p>\n<p><strong>2) P\u00daBLICA<\/strong>: em pelo menos tr\u00eas sentidos. Porque definida pela participa\u00e7\u00e3o popular, porque n\u00e3o admite apropria\u00e7\u00e3o privada \u2013 e\/ou pelo mercado &#8211; dos recursos e servi\u00e7os p\u00fablicos e, por fim, p\u00fablica porque transparente.<\/p>\n<p><strong>3) REGIONAL<\/strong>: atender as necessidades espec\u00edficas regionais, suas voca\u00e7\u00f5es e potencialidades e ter a equidade, tamb\u00e9m, como refer\u00eancia para defini\u00e7\u00e3o de investimentos.<\/p>\n<p><strong>4) A GARANTIR DIREITOS<\/strong>: este plano deve se constituir uma nova plataforma que eleve a um plano estrutural e estrat\u00e9gico os direitos dos\/das trabalhadores\/as, das mulheres, dos negros, das juventudes, dos povos ind\u00edgenas, pessoas com defici\u00eancia e LGBTQIA+.<\/p>\n<p><strong>5) CONSTRUIR UMA TRANSI\u00c7\u00c3O ECOL\u00d3GICA<\/strong>: do atual modelo de desenvolvimento, tendo como perspectiva hist\u00f3rica a constru\u00e7\u00e3o de uma sociedade solid\u00e1ria, democr\u00e1tica e sustent\u00e1vel. Essa travessia depende do resgate, inova\u00e7\u00e3o institucional, protagonismo e ousadia dos sujeitos sociais para criar o novo. Isto \u00e9, um novo modelo de desenvolvimento que gere trabalho e bem-estar coletivo, com base numa reconvers\u00e3o econ\u00f4mica alicer\u00e7ada em tecnologias ambientalmente adequadas.<\/p>\n<p><strong>6) A ENFRENTAR AS DESIGUALDADES<\/strong>: com uma economia de fato sustent\u00e1vel, fruto de uma nova rela\u00e7\u00e3o com a natureza que seja n\u00e3o s\u00f3 materialmente mais justa, mas tamb\u00e9m \u00e9tica e culturalmente superior. No entanto o modo de produ\u00e7\u00e3o capitalista procedeu a transforma\u00e7\u00e3o dos \u201cdiferentes\u201d em \u201cdesiguais\u201d. O que parece uma a\u00e7\u00e3o generalizada sobre a popula\u00e7\u00e3o mascara e naturaliza a transforma\u00e7\u00e3o das diferen\u00e7as \u00e9tnicas e de g\u00eanero, principalmente, em aprofundamento das desigualdades. Estes grupos organizados tem demonstrado, individual e coletivamente, como cada segmento, nas suas diferen\u00e7as, foi \u201ctornado desigual\u201d.<\/p>\n<p><strong>7) GARANTIR O PROTAGONISMO DAS JUVENTUDES<\/strong>: isto \u00e9, as juventudes serem protagonistas de seu pr\u00f3prio futuro e o centro do projeto de futuro do ES. Neste sentido, a quest\u00e3o central a ser respondida pela juventude do Esp\u00edrito Santo e pelo Partido dos Trabalhadores \u00e9: quais s\u00e3o as melhores condi\u00e7\u00f5es educacionais, de acesso a informa\u00e7\u00e3o, transporte, seguran\u00e7a, trabalho, sa\u00fade, esporte, lazer, etc., para promover um MELHOR FUTURO para a juventude e, por consequ\u00eancia, para o Esp\u00edrito Santo?<\/p>\n<p>&nbsp;<\/p>\n<hr \/>\n<p><strong>** <a href=\"https:\/\/app.praxis.pro.br\/ptes\/\">ENVIE AQUI SUAS SUGEST\u00d5ES<\/a> ***<\/strong><\/p>\n<hr \/>\n<p>&nbsp;<\/p>\n","protected":false},"excerpt":{"rendered":"<p> <a class=\"more-link\" href=\"https:\/\/pt.praxis.pro.br\/index.php\/projeto-do-pt-es-para-o-espirito-santo-pagina-completa\/\">Leia mais&#8230; &raquo;<\/a><\/p>\n","protected":false},"author":1,"featured_media":1080,"parent":0,"menu_order":0,"comment_status":"closed","ping_status":"closed","template":"","meta":{"footnotes":""},"class_list":["post-1288","page","type-page","status-publish","has-post-thumbnail","hentry"],"_links":{"self":[{"href":"https:\/\/pt.praxis.pro.br\/index.php\/wp-json\/wp\/v2\/pages\/1288","targetHints":{"allow":["GET"]}}],"collection":[{"href":"https:\/\/pt.praxis.pro.br\/index.php\/wp-json\/wp\/v2\/pages"}],"about":[{"href":"https:\/\/pt.praxis.pro.br\/index.php\/wp-json\/wp\/v2\/types\/page"}],"author":[{"embeddable":true,"href":"https:\/\/pt.praxis.pro.br\/index.php\/wp-json\/wp\/v2\/users\/1"}],"replies":[{"embeddable":true,"href":"https:\/\/pt.praxis.pro.br\/index.php\/wp-json\/wp\/v2\/comments?post=1288"}],"version-history":[{"count":1,"href":"https:\/\/pt.praxis.pro.br\/index.php\/wp-json\/wp\/v2\/pages\/1288\/revisions"}],"predecessor-version":[{"id":1289,"href":"https:\/\/pt.praxis.pro.br\/index.php\/wp-json\/wp\/v2\/pages\/1288\/revisions\/1289"}],"wp:featuredmedia":[{"embeddable":true,"href":"https:\/\/pt.praxis.pro.br\/index.php\/wp-json\/wp\/v2\/media\/1080"}],"wp:attachment":[{"href":"https:\/\/pt.praxis.pro.br\/index.php\/wp-json\/wp\/v2\/media?parent=1288"}],"curies":[{"name":"wp","href":"https:\/\/api.w.org\/{rel}","templated":true}]}}